{"id":9,"date":"2025-10-06T18:16:34","date_gmt":"2025-10-06T16:16:34","guid":{"rendered":"https:\/\/isc-methodology.com\/about\/"},"modified":"2025-10-18T10:53:39","modified_gmt":"2025-10-18T08:53:39","slug":"sobre_nosotros","status":"publish","type":"page","link":"https:\/\/isc-methodology.com\/en\/sobre_nosotros\/","title":{"rendered":"About Us"},"content":{"rendered":"<div data-elementor-type=\"wp-page\" data-elementor-id=\"9\" class=\"elementor elementor-9\">\n\t\t\t\t<div class=\"elementor-element elementor-element-b0423f7 e-flex e-con-boxed e-con e-parent\" data-id=\"b0423f7\" data-element_type=\"container\" data-e-type=\"container\" data-settings=\"{&quot;background_background&quot;:&quot;classic&quot;}\">\n\t\t\t\t\t<div class=\"e-con-inner\">\n\t\t<div class=\"elementor-element elementor-element-aea24a6 e-con-full e-flex e-con e-child\" data-id=\"aea24a6\" data-element_type=\"container\" data-e-type=\"container\">\n\t\t\t\t<div class=\"elementor-element elementor-element-f63859e elementor-widget elementor-widget-image\" data-id=\"f63859e\" data-element_type=\"widget\" data-e-type=\"widget\" data-widget_type=\"image.default\">\n\t\t\t\t<div class=\"elementor-widget-container\">\n\t\t\t\t\t\t\t\t\t\t\t\t\t\t\t<img fetchpriority=\"high\" decoding=\"async\" width=\"341\" height=\"512\" src=\"https:\/\/isc-methodology.com\/wp-content\/uploads\/2025\/10\/Tecncio-tablet-1.jpg\" class=\"attachment-medium_large size-medium_large wp-image-4140\" alt=\"tecncio tablet 1\" srcset=\"https:\/\/isc-methodology.com\/wp-content\/uploads\/2025\/10\/Tecncio-tablet-1.jpg 341w, https:\/\/isc-methodology.com\/wp-content\/uploads\/2025\/10\/Tecncio-tablet-1-200x300.jpg 200w\" sizes=\"(max-width: 341px) 100vw, 341px\" title=\"About Us\">\t\t\t\t\t\t\t\t\t\t\t\t\t\t\t<\/div>\n\t\t\t\t<\/div>\n\t\t\t\t<\/div>\n\t\t<div class=\"elementor-element elementor-element-46daeae e-con-full e-flex e-con e-child\" data-id=\"46daeae\" data-element_type=\"container\" data-e-type=\"container\">\n\t\t\t\t<div class=\"elementor-element elementor-element-782ab68 elementor-widget elementor-widget-heading\" data-id=\"782ab68\" data-element_type=\"widget\" data-e-type=\"widget\" data-widget_type=\"heading.default\">\n\t\t\t\t<div class=\"elementor-widget-container\">\n\t\t\t\t\t<h6 class=\"elementor-heading-title elementor-size-default\">\n\nOptimizing operational excellence through engineering and technology<\/h6>\t\t\t\t<\/div>\n\t\t\t\t<\/div>\n\t\t\t\t<div class=\"elementor-element elementor-element-ac64e32 elementor-widget-divider--view-line elementor-widget elementor-widget-divider\" data-id=\"ac64e32\" data-element_type=\"widget\" data-e-type=\"widget\" data-widget_type=\"divider.default\">\n\t\t\t\t<div class=\"elementor-widget-container\">\n\t\t\t\t\t\t\t<div class=\"elementor-divider\">\n\t\t\t<span class=\"elementor-divider-separator\">\n\t\t\t\t\t\t<\/span>\n\t\t<\/div>\n\t\t\t\t\t\t<\/div>\n\t\t\t\t<\/div>\n\t\t\t\t<div class=\"elementor-element elementor-element-b3832ec elementor-widget elementor-widget-text-editor\" data-id=\"b3832ec\" data-element_type=\"widget\" data-e-type=\"widget\" data-widget_type=\"text-editor.default\">\n\t\t\t\t<div class=\"elementor-widget-container\">\n\t\t\t\t\t\t\t\t\t<p data-start=\"504\" data-end=\"622\">Since 1993, our Methodology <strong data-start=\"536\" data-end=\"543\">ISC<\/strong> has been refined with a unique focus on <strong data-start=\"594\" data-end=\"621\">industrial optimization<\/strong>.<\/p><p data-start=\"624\" data-end=\"721\">Our philosophy, the <strong data-start=\"646\" data-end=\"678\">Common Sense Engineering<\/strong>, is built on a simple yet powerful idea:<\/p>\t\t\t\t\t\t\t\t<\/div>\n\t\t\t\t<\/div>\n\t\t\t\t<div class=\"elementor-element elementor-element-fa4c9bc elementor-widget elementor-widget-heading\" data-id=\"fa4c9bc\" data-element_type=\"widget\" data-e-type=\"widget\" data-widget_type=\"heading.default\">\n\t\t\t\t<div class=\"elementor-widget-container\">\n\t\t\t\t\t<span class=\"elementor-heading-title elementor-size-default\">The best solutions are often already within each organization.\nWe provide the tools, structure, and experience to uncover them and bring them to life.<\/span>\t\t\t\t<\/div>\n\t\t\t\t<\/div>\n\t\t\t\t<div class=\"elementor-element elementor-element-e3e6fd5 elementor-widget elementor-widget-text-editor\" data-id=\"e3e6fd5\" data-element_type=\"widget\" data-e-type=\"widget\" data-widget_type=\"text-editor.default\">\n\t\t\t\t<div class=\"elementor-widget-container\">\n\t\t\t\t\t\t\t\t\t<p>We combine decades of experience with\u00a0<strong data-start=\"939\" data-end=\"958\">our own proprietary software<\/strong>\u00a0(DGM, DGI, DGL) that analyzes machines, people, and production interfaces with precision and speed.<br data-start=\"1057\" data-end=\"1060\" \/>This approach reduces more than one <strong>50% of analysis time<\/strong>, delivering measurable improvements and results that are directly reflected in profitability.<\/p>\t\t\t\t\t\t\t\t<\/div>\n\t\t\t\t<\/div>\n\t\t\t\t<\/div>\n\t\t\t\t\t<\/div>\n\t\t\t\t<\/div>\n\t\t<div class=\"elementor-element elementor-element-0fa1490 e-flex e-con-boxed e-con e-parent\" data-id=\"0fa1490\" data-element_type=\"container\" data-e-type=\"container\" data-settings=\"{&quot;background_background&quot;:&quot;classic&quot;}\">\n\t\t\t\t\t<div class=\"e-con-inner\">\n\t\t<div class=\"elementor-element elementor-element-9656f10 e-con-full e-flex e-con e-child\" data-id=\"9656f10\" data-element_type=\"container\" data-e-type=\"container\" id=\"Vision\">\n\t\t\t\t<div class=\"elementor-element elementor-element-5c34f41 elementor-widget elementor-widget-heading\" data-id=\"5c34f41\" data-element_type=\"widget\" data-e-type=\"widget\" data-widget_type=\"heading.default\">\n\t\t\t\t<div class=\"elementor-widget-container\">\n\t\t\t\t\t<h6 class=\"elementor-heading-title elementor-size-default\">\nOur Identity and Vision<\/h6>\t\t\t\t<\/div>\n\t\t\t\t<\/div>\n\t\t\t\t<div class=\"elementor-element elementor-element-998eda2 elementor-widget-divider--view-line elementor-widget elementor-widget-divider\" data-id=\"998eda2\" data-element_type=\"widget\" data-e-type=\"widget\" data-widget_type=\"divider.default\">\n\t\t\t\t<div class=\"elementor-widget-container\">\n\t\t\t\t\t\t\t<div class=\"elementor-divider\">\n\t\t\t<span class=\"elementor-divider-separator\">\n\t\t\t\t\t\t<\/span>\n\t\t<\/div>\n\t\t\t\t\t\t<\/div>\n\t\t\t\t<\/div>\n\t\t\t\t<div class=\"elementor-element elementor-element-b679973 elementor-widget elementor-widget-text-editor\" data-id=\"b679973\" data-element_type=\"widget\" data-e-type=\"widget\" data-widget_type=\"text-editor.default\">\n\t\t\t\t<div class=\"elementor-widget-container\">\n\t\t\t\t\t\t\t\t\t<p><strong>ISC (Ingenier\u00eda del Sentido Com\u00fan)<\/strong> is a methodology developed since 1993 by <strong>Fernando Ruano<\/strong>, the result of over 40 years of experience across industrial sectors as diverse as <strong>automotive, naval, public works machinery, food processing, and components<\/strong>.<\/p><p>Our name reflects who we are: <strong>technical pragmatism and logical rigor<\/strong> applied to continuous improvement.<\/p><p>We understand that many clients believe their sector is unique, but in reality, <strong>all production processes share the same fundamentals<\/strong>:<\/p>\t\t\t\t\t\t\t\t<\/div>\n\t\t\t\t<\/div>\n\t\t\t\t<div class=\"elementor-element elementor-element-5e63141 elementor-widget elementor-widget-text-editor\" data-id=\"5e63141\" data-element_type=\"widget\" data-e-type=\"widget\" data-widget_type=\"text-editor.default\">\n\t\t\t\t<div class=\"elementor-widget-container\">\n\t\t\t\t\t\t\t\t\t<p>They always involve <strong>people and machines<\/strong>, and both operate under the same laws of performance, coordination, and control.<\/p><p>That is why <strong>our methods adapt to any environment<\/strong>.<br \/>Products change, but <strong>the logic of efficiency is universal.<\/strong><\/p>\t\t\t\t\t\t\t\t<\/div>\n\t\t\t\t<\/div>\n\t\t\t\t<\/div>\n\t\t\t\t\t<\/div>\n\t\t\t\t<\/div>\n\t\t<div class=\"elementor-element elementor-element-725dd3f e-flex e-con-boxed e-con e-parent\" data-id=\"725dd3f\" data-element_type=\"container\" data-e-type=\"container\" data-settings=\"{&quot;background_background&quot;:&quot;classic&quot;}\">\n\t\t\t\t\t<div class=\"e-con-inner\">\n\t\t<div class=\"elementor-element elementor-element-ed7fc43 e-con-full e-flex e-con e-child\" data-id=\"ed7fc43\" data-element_type=\"container\" data-e-type=\"container\" id=\"Mision\">\n\t\t\t\t<div class=\"elementor-element elementor-element-a8bd086 elementor-widget elementor-widget-heading\" data-id=\"a8bd086\" data-element_type=\"widget\" data-e-type=\"widget\" data-widget_type=\"heading.default\">\n\t\t\t\t<div class=\"elementor-widget-container\">\n\t\t\t\t\t<h6 class=\"elementor-heading-title elementor-size-default\">Our Mission: The Dual Lever of Competitiveness<\/h6>\t\t\t\t<\/div>\n\t\t\t\t<\/div>\n\t\t\t\t<div class=\"elementor-element elementor-element-fe59db7 elementor-widget-divider--view-line elementor-widget elementor-widget-divider\" data-id=\"fe59db7\" data-element_type=\"widget\" data-e-type=\"widget\" data-widget_type=\"divider.default\">\n\t\t\t\t<div class=\"elementor-widget-container\">\n\t\t\t\t\t\t\t<div class=\"elementor-divider\">\n\t\t\t<span class=\"elementor-divider-separator\">\n\t\t\t\t\t\t<\/span>\n\t\t<\/div>\n\t\t\t\t\t\t<\/div>\n\t\t\t\t<\/div>\n\t\t\t\t<div class=\"elementor-element elementor-element-81cff3a elementor-widget elementor-widget-text-editor\" data-id=\"81cff3a\" data-element_type=\"widget\" data-e-type=\"widget\" data-widget_type=\"text-editor.default\">\n\t\t\t\t<div class=\"elementor-widget-container\">\n\t\t\t\t\t\t\t\t\t<p>Our goal is simple and powerful: <strong>to produce more in less time<\/strong>, with the same or even fewer resources, <strong>without sacrificing quality.<\/strong><\/p><p>We base competitive improvement on two strategic levers:<\/p><ol><li><strong>Deep process optimization<\/strong> through our low-investment approach (ABI\u00b2).<\/li><li><strong>Industry 4.0 Innovation<\/strong>, integrating technology, sensorization, and advanced control.<\/li><\/ol>\t\t\t\t\t\t\t\t<\/div>\n\t\t\t\t<\/div>\n\t\t\t\t<\/div>\n\t\t\t\t\t<\/div>\n\t\t\t\t<\/div>\n\t\t<div class=\"elementor-element elementor-element-276277c e-flex e-con-boxed e-con e-parent\" data-id=\"276277c\" data-element_type=\"container\" data-e-type=\"container\" data-settings=\"{&quot;background_background&quot;:&quot;classic&quot;}\">\n\t\t\t\t\t<div class=\"e-con-inner\">\n\t\t<div class=\"elementor-element elementor-element-1e80692 e-con-full e-flex e-con e-child\" data-id=\"1e80692\" data-element_type=\"container\" data-e-type=\"container\" id=\"ISC\">\n\t\t\t\t<div class=\"elementor-element elementor-element-69a638a elementor-widget elementor-widget-heading\" data-id=\"69a638a\" data-element_type=\"widget\" data-e-type=\"widget\" data-widget_type=\"heading.default\">\n\t\t\t\t<div class=\"elementor-widget-container\">\n\t\t\t\t\t<h6 class=\"elementor-heading-title elementor-size-default\">Our ISC Methodology:\n\nIndustrial and Administrative Process Improvement<\/h6>\t\t\t\t<\/div>\n\t\t\t\t<\/div>\n\t\t\t\t<div class=\"elementor-element elementor-element-c318b96 elementor-widget-divider--view-line elementor-widget elementor-widget-divider\" data-id=\"c318b96\" data-element_type=\"widget\" data-e-type=\"widget\" data-widget_type=\"divider.default\">\n\t\t\t\t<div class=\"elementor-widget-container\">\n\t\t\t\t\t\t\t<div class=\"elementor-divider\">\n\t\t\t<span class=\"elementor-divider-separator\">\n\t\t\t\t\t\t<\/span>\n\t\t<\/div>\n\t\t\t\t\t\t<\/div>\n\t\t\t\t<\/div>\n\t\t\t\t<div class=\"elementor-element elementor-element-6941038 elementor-widget elementor-widget-text-editor\" data-id=\"6941038\" data-element_type=\"widget\" data-e-type=\"widget\" data-widget_type=\"text-editor.default\">\n\t\t\t\t<div class=\"elementor-widget-container\">\n\t\t\t\t\t\t\t\t\t<p>Our methodology combines proven industrial optimization tools with proprietary developments.<br>Continuous improvement is structured in three steps:<\/p>\n<ol>\n<li><strong>M\u00e1quinas m\u00e1s r\u00e1pidas<\/strong>.<br>We eliminate non-value-added time (NVAM) and maximize equipment performance.<\/li>\n<li><strong><strong>Simple and effective interfaces<\/strong><\/strong>\n<p>We reduce unnecessary movements, waiting, and transport (NVAI), improving the interaction between people and machines.<\/p>\n<\/li>\n<li><strong>The best working method<\/strong>&nbsp;<br>We balance the production line (Line Balance) to achieve a continuous and harmonious flow.<\/li>\n<\/ol>\t\t\t\t\t\t\t\t<\/div>\n\t\t\t\t<\/div>\n\t\t\t\t<div class=\"elementor-element elementor-element-0b60ed4 elementor-widget elementor-widget-text-editor\" data-id=\"0b60ed4\" data-element_type=\"widget\" data-e-type=\"widget\" data-widget_type=\"text-editor.default\">\n\t\t\t\t<div class=\"elementor-widget-container\">\n\t\t\t\t\t\t\t\t\t<p><span style=\"font-size: 16px;\">This approach is applied to both <\/span><strong style=\"font-size: 16px;\">production processes<\/strong><span style=\"font-size: 16px;\">\u00a0as well as to\u00a0<\/span><strong style=\"font-size: 16px;\">administrative processes<\/strong><span style=\"font-size: 16px;\">, always guided by the same principle:<\/span><\/p><p style=\"text-align: center;\"><strong>Eliminate everything that does not add value<\/strong><\/p>\t\t\t\t\t\t\t\t<\/div>\n\t\t\t\t<\/div>\n\t\t\t\t<\/div>\n\t\t\t\t\t<\/div>\n\t\t\t\t<\/div>\n\t\t<div class=\"elementor-element elementor-element-3977191 e-flex e-con-boxed e-con e-parent\" data-id=\"3977191\" data-element_type=\"container\" data-e-type=\"container\" data-settings=\"{&quot;background_background&quot;:&quot;classic&quot;}\">\n\t\t\t\t\t<div class=\"e-con-inner\">\n\t\t<div class=\"elementor-element elementor-element-b275028 e-con-full e-flex e-con e-child\" data-id=\"b275028\" data-element_type=\"container\" data-e-type=\"container\" id=\"Ingenieria_avanzada\">\n\t\t\t\t<div class=\"elementor-element elementor-element-8698521 elementor-widget elementor-widget-heading\" data-id=\"8698521\" data-element_type=\"widget\" data-e-type=\"widget\" data-widget_type=\"heading.default\">\n\t\t\t\t<div class=\"elementor-widget-container\">\n\t\t\t\t\t<h6 class=\"elementor-heading-title elementor-size-default\">\nAdvanced Engineering Services and Technological Solutions<\/h6>\t\t\t\t<\/div>\n\t\t\t\t<\/div>\n\t\t\t\t<div class=\"elementor-element elementor-element-fba7019 elementor-widget-divider--view-line elementor-widget elementor-widget-divider\" data-id=\"fba7019\" data-element_type=\"widget\" data-e-type=\"widget\" data-widget_type=\"divider.default\">\n\t\t\t\t<div class=\"elementor-widget-container\">\n\t\t\t\t\t\t\t<div class=\"elementor-divider\">\n\t\t\t<span class=\"elementor-divider-separator\">\n\t\t\t\t\t\t<\/span>\n\t\t<\/div>\n\t\t\t\t\t\t<\/div>\n\t\t\t\t<\/div>\n\t\t\t\t<div class=\"elementor-element elementor-element-d015c35 elementor-widget elementor-widget-text-editor\" data-id=\"d015c35\" data-element_type=\"widget\" data-e-type=\"widget\" data-widget_type=\"text-editor.default\">\n\t\t\t\t<div class=\"elementor-widget-container\">\n\t\t\t\t\t\t\t\t\t<p>In the era of digitalization, ISC expands its scope with solutions in\u00a0<b>applied engineering and IoT<\/b>\u00a0that integrate hardware, software, and process control:<\/p>\t\t\t\t\t\t\t\t<\/div>\n\t\t\t\t<\/div>\n\t\t\t\t<div class=\"elementor-element elementor-element-9cdf20d elementor-widget elementor-widget-text-editor\" data-id=\"9cdf20d\" data-element_type=\"widget\" data-e-type=\"widget\" data-widget_type=\"text-editor.default\">\n\t\t\t\t<div class=\"elementor-widget-container\">\n\t\t\t\t\t\t\t\t\t<ul><li><strong>Industrial Process Design (DPI):<\/strong> We model optimized processes with statistical foundations and integrated quality control.<\/li><li><strong>Energy Efficiency (AhE):<\/strong> We reduce total energy consumption per hour of production.<\/li><li><strong>Automation and IoT:<\/strong> We design and manufacture electronic equipment for the measurement, control, and automation of processes.<\/li><li><strong>Custom Software:<\/strong> We develop proprietary tools (<em>DGM Plus, DGI Plus<\/em>) and custom solutions for production control and analysis.<\/li><\/ul>\t\t\t\t\t\t\t\t<\/div>\n\t\t\t\t<\/div>\n\t\t\t\t<\/div>\n\t\t\t\t\t<\/div>\n\t\t\t\t<\/div>\n\t\t<div class=\"elementor-element elementor-element-0ea921f e-flex e-con-boxed e-con e-parent\" data-id=\"0ea921f\" data-element_type=\"container\" data-e-type=\"container\" data-settings=\"{&quot;background_background&quot;:&quot;classic&quot;}\">\n\t\t\t\t\t<div class=\"e-con-inner\">\n\t\t<div class=\"elementor-element elementor-element-ef30835 e-con-full e-flex e-con e-child\" data-id=\"ef30835\" data-element_type=\"container\" data-e-type=\"container\" id=\"Ventajas\">\n\t\t\t\t<div class=\"elementor-element elementor-element-cd980c5 elementor-widget elementor-widget-heading\" data-id=\"cd980c5\" data-element_type=\"widget\" data-e-type=\"widget\" data-widget_type=\"heading.default\">\n\t\t\t\t<div class=\"elementor-widget-container\">\n\t\t\t\t\t<h6 class=\"elementor-heading-title elementor-size-default\">Our Competitive Advantage:\nISC makes the invisible visible<\/h6>\t\t\t\t<\/div>\n\t\t\t\t<\/div>\n\t\t\t\t<div class=\"elementor-element elementor-element-942ac36 elementor-widget-divider--view-line elementor-widget elementor-widget-divider\" data-id=\"942ac36\" data-element_type=\"widget\" data-e-type=\"widget\" data-widget_type=\"divider.default\">\n\t\t\t\t<div class=\"elementor-widget-container\">\n\t\t\t\t\t\t\t<div class=\"elementor-divider\">\n\t\t\t<span class=\"elementor-divider-separator\">\n\t\t\t\t\t\t<\/span>\n\t\t<\/div>\n\t\t\t\t\t\t<\/div>\n\t\t\t\t<\/div>\n\t\t\t\t<div class=\"elementor-element elementor-element-26514af elementor-widget elementor-widget-text-editor\" data-id=\"26514af\" data-element_type=\"widget\" data-e-type=\"widget\" data-widget_type=\"text-editor.default\">\n\t\t\t\t<div class=\"elementor-widget-container\">\n\t\t\t\t\t\t\t\t\t<p>Our work focuses on identifying and eliminating everything that does not add value, improving productivity, efficiency, and profitability.<\/p>\t\t\t\t\t\t\t\t<\/div>\n\t\t\t\t<\/div>\n\t\t\t\t<div class=\"elementor-element elementor-element-80a4a46 elementor-widget elementor-widget-text-editor\" data-id=\"80a4a46\" data-element_type=\"widget\" data-e-type=\"widget\" data-widget_type=\"text-editor.default\">\n\t\t\t\t<div class=\"elementor-widget-container\">\n\t\t\t\t\t\t\t\t\t<ul><li><strong>Fast and profitable results:<\/strong> Low investment, high return.<\/li><li><strong>Focus on the essential:<\/strong> People and machines as universal pillars.<\/li><li><strong>Total adaptability:<\/strong> Our methodology works in any sector or organization.<\/li><\/ul>\t\t\t\t\t\t\t\t<\/div>\n\t\t\t\t<\/div>\n\t\t\t\t<\/div>\n\t\t\t\t\t<\/div>\n\t\t\t\t<\/div>\n\t\t<div class=\"elementor-element elementor-element-a542fa5 e-flex e-con-boxed e-con e-parent\" data-id=\"a542fa5\" data-element_type=\"container\" data-e-type=\"container\" data-settings=\"{&quot;background_background&quot;:&quot;classic&quot;}\">\n\t\t\t\t\t<div class=\"e-con-inner\">\n\t\t<div class=\"elementor-element elementor-element-f925c35 e-con-full e-flex e-con e-child\" data-id=\"f925c35\" data-element_type=\"container\" data-e-type=\"container\" id=\"Ayuda\">\n\t\t\t\t<div class=\"elementor-element elementor-element-6960a46 elementor-widget elementor-widget-heading\" data-id=\"6960a46\" data-element_type=\"widget\" data-e-type=\"widget\" data-widget_type=\"heading.default\">\n\t\t\t\t<div class=\"elementor-widget-container\">\n\t\t\t\t\t<h6 class=\"elementor-heading-title elementor-size-default\">How can we help you?<\/h6>\t\t\t\t<\/div>\n\t\t\t\t<\/div>\n\t\t\t\t<div class=\"elementor-element elementor-element-d5c47ae elementor-widget elementor-widget-text-editor\" data-id=\"d5c47ae\" data-element_type=\"widget\" data-e-type=\"widget\" data-widget_type=\"text-editor.default\">\n\t\t\t\t<div class=\"elementor-widget-container\">\n\t\t\t\t\t\t\t\t\t<p>Discover how we apply our <strong>ISC Methodology <\/strong>\u00a0to any process.<br \/>Contact us and take the first step toward a more efficient, measurable, and profitable operation.<\/p>\t\t\t\t\t\t\t\t<\/div>\n\t\t\t\t<\/div>\n\t\t<div class=\"elementor-element elementor-element-7ba0723 e-con-full e-flex e-con e-child\" data-id=\"7ba0723\" data-element_type=\"container\" data-e-type=\"container\">\n\t\t\t\t<div class=\"elementor-element elementor-element-a572cb2 elementor-align-center elementor-widget elementor-widget-button\" data-id=\"a572cb2\" data-element_type=\"widget\" data-e-type=\"widget\" data-widget_type=\"button.default\">\n\t\t\t\t<div class=\"elementor-widget-container\">\n\t\t\t\t\t\t\t\t\t<div class=\"elementor-button-wrapper\">\n\t\t\t\t\t<a class=\"elementor-button elementor-button-link elementor-size-sm\" href=\"https:\/\/isc-methodology.com\/en\/contacto\/\">\n\t\t\t\t\t\t<span class=\"elementor-button-content-wrapper\">\n\t\t\t\t\t\t\t\t\t<span class=\"elementor-button-text\">Contact Us<\/span>\n\t\t\t\t\t<\/span>\n\t\t\t\t\t<\/a>\n\t\t\t\t<\/div>\n\t\t\t\t\t\t\t\t<\/div>\n\t\t\t\t<\/div>\n\t\t\t\t<\/div>\n\t\t\t\t<\/div>\n\t\t\t\t\t<\/div>\n\t\t\t\t<\/div>\n\t\t<div class=\"elementor-element elementor-element-ec17568 e-flex e-con-boxed e-con e-parent\" data-id=\"ec17568\" data-element_type=\"container\" data-e-type=\"container\">\n\t\t\t\t\t<div class=\"e-con-inner\">\n\t\t\t\t\t<\/div>\n\t\t\t\t<\/div>\n\t\t\t\t<\/div>","protected":false},"excerpt":{"rendered":"<p>Optimizando la excelencia operacional a trav\u00e9s de la ingenier\u00eda y la tecnolog\u00eda Desde 1993, nuestra metodolog\u00eda ISC se ha perfeccionado con un enfoque \u00fanico hacia la optimizaci\u00f3n industrial. Nuestra filosof\u00eda, la Ingenier\u00eda del Sentido Com\u00fan, parte de una idea sencilla pero poderosa: Las mejores soluciones suelen estar ya dentro de cada organizaci\u00f3n. Nosotros aportamos las [&hellip;]<\/p>\n","protected":false},"author":2,"featured_media":0,"parent":0,"menu_order":0,"comment_status":"closed","ping_status":"closed","template":"","meta":{"site-sidebar-layout":"no-sidebar","site-content-layout":"page-builder","ast-site-content-layout":"full-width-container","site-content-style":"unboxed","site-sidebar-style":"unboxed","ast-global-header-display":"","ast-banner-title-visibility":"","ast-main-header-display":"","ast-hfb-above-header-display":"","ast-hfb-below-header-display":"","ast-hfb-mobile-header-display":"","site-post-title":"disabled","ast-breadcrumbs-content":"disabled","ast-featured-img":"disabled","footer-sml-layout":"","theme-transparent-header-meta":"enabled","adv-header-id-meta":"","stick-header-meta":"","header-above-stick-meta":"","header-main-stick-meta":"","header-below-stick-meta":"","astra-migrate-meta-layouts":"set","ast-page-background-enabled":"default","ast-page-background-meta":{"desktop":{"background-color":"","background-image":"","background-repeat":"repeat","background-position":"center center","background-size":"auto","background-attachment":"scroll","background-type":"","background-media":"","overlay-type":"","overlay-color":"","overlay-opacity":"","overlay-gradient":""},"tablet":{"background-color":"","background-image":"","background-repeat":"repeat","background-position":"center center","background-size":"auto","background-attachment":"scroll","background-type":"","background-media":"","overlay-type":"","overlay-color":"","overlay-opacity":"","overlay-gradient":""},"mobile":{"background-color":"","background-image":"","background-repeat":"repeat","background-position":"center center","background-size":"auto","background-attachment":"scroll","background-type":"","background-media":"","overlay-type":"","overlay-color":"","overlay-opacity":"","overlay-gradient":""}},"ast-content-background-meta":{"desktop":{"background-color":"var(--ast-global-color-5)","background-image":"","background-repeat":"repeat","background-position":"center center","background-size":"auto","background-attachment":"scroll","background-type":"","background-media":"","overlay-type":"","overlay-color":"","overlay-opacity":"","overlay-gradient":""},"tablet":{"background-color":"var(--ast-global-color-5)","background-image":"","background-repeat":"repeat","background-position":"center center","background-size":"auto","background-attachment":"scroll","background-type":"","background-media":"","overlay-type":"","overlay-color":"","overlay-opacity":"","overlay-gradient":""},"mobile":{"background-color":"var(--ast-global-color-5)","background-image":"","background-repeat":"repeat","background-position":"center center","background-size":"auto","background-attachment":"scroll","background-type":"","background-media":"","overlay-type":"","overlay-color":"","overlay-opacity":"","overlay-gradient":""}},"footnotes":""},"class_list":["post-9","page","type-page","status-publish","hentry"],"_links":{"self":[{"href":"https:\/\/isc-methodology.com\/en\/wp-json\/wp\/v2\/pages\/9","targetHints":{"allow":["GET"]}}],"collection":[{"href":"https:\/\/isc-methodology.com\/en\/wp-json\/wp\/v2\/pages"}],"about":[{"href":"https:\/\/isc-methodology.com\/en\/wp-json\/wp\/v2\/types\/page"}],"author":[{"embeddable":true,"href":"https:\/\/isc-methodology.com\/en\/wp-json\/wp\/v2\/users\/2"}],"replies":[{"embeddable":true,"href":"https:\/\/isc-methodology.com\/en\/wp-json\/wp\/v2\/comments?post=9"}],"version-history":[{"count":290,"href":"https:\/\/isc-methodology.com\/en\/wp-json\/wp\/v2\/pages\/9\/revisions"}],"predecessor-version":[{"id":5249,"href":"https:\/\/isc-methodology.com\/en\/wp-json\/wp\/v2\/pages\/9\/revisions\/5249"}],"wp:attachment":[{"href":"https:\/\/isc-methodology.com\/en\/wp-json\/wp\/v2\/media?parent=9"}],"curies":[{"name":"wp","href":"https:\/\/api.w.org\/{rel}","templated":true}]}}