{"id":4564,"date":"2025-10-12T12:20:26","date_gmt":"2025-10-12T10:20:26","guid":{"rendered":"https:\/\/isc-methodology.com\/?page_id=4564"},"modified":"2025-10-14T13:23:14","modified_gmt":"2025-10-14T11:23:14","slug":"eficiencia-energetica","status":"publish","type":"page","link":"https:\/\/isc-methodology.com\/en\/eficiencia-energetica\/","title":{"rendered":"Energy Efficiency"},"content":{"rendered":"<div data-elementor-type=\"wp-page\" data-elementor-id=\"4564\" class=\"elementor elementor-4564\">\n\t\t\t\t<div class=\"elementor-element elementor-element-e734e71 e-flex e-con-boxed e-con e-parent\" data-id=\"e734e71\" data-element_type=\"container\" data-e-type=\"container\">\n\t\t\t\t\t<div class=\"e-con-inner\">\n\t\t\t\t<div class=\"elementor-element elementor-element-920d06e elementor-widget elementor-widget-heading\" data-id=\"920d06e\" data-element_type=\"widget\" data-e-type=\"widget\" data-widget_type=\"heading.default\">\n\t\t\t\t<div class=\"elementor-widget-container\">\n\t\t\t\t\t<h5 class=\"elementor-heading-title elementor-size-default\">Energy Efficiency for Industry and the Naval Sector<\/h5>\t\t\t\t<\/div>\n\t\t\t\t<\/div>\n\t\t\t\t\t<\/div>\n\t\t\t\t<\/div>\n\t\t<div class=\"elementor-element elementor-element-97d30c1 e-flex e-con-boxed e-con e-parent\" data-id=\"97d30c1\" data-element_type=\"container\" data-e-type=\"container\">\n\t\t\t\t\t<div class=\"e-con-inner\">\n\t\t\t\t<div class=\"elementor-element elementor-element-9e08017 elementor-widget elementor-widget-heading\" data-id=\"9e08017\" data-element_type=\"widget\" data-e-type=\"widget\" data-widget_type=\"heading.default\">\n\t\t\t\t<div class=\"elementor-widget-container\">\n\t\t\t\t\t<h6 class=\"elementor-heading-title elementor-size-default\">Reduce costs. Increase competitiveness. Lower your carbon footprint.<\/h6>\t\t\t\t<\/div>\n\t\t\t\t<\/div>\n\t\t\t\t\t<\/div>\n\t\t\t\t<\/div>\n\t\t<div class=\"elementor-element elementor-element-65201c5 e-flex e-con-boxed e-con e-parent\" data-id=\"65201c5\" data-element_type=\"container\" data-e-type=\"container\">\n\t\t\t\t\t<div class=\"e-con-inner\">\n\t\t\t\t<div class=\"elementor-element elementor-element-706be57 elementor-widget elementor-widget-text-editor\" data-id=\"706be57\" data-element_type=\"widget\" data-e-type=\"widget\" data-widget_type=\"text-editor.default\">\n\t\t\t\t<div class=\"elementor-widget-container\">\n\t\t\t\t\t\t\t\t\t<p>In factories and on ships, energy has become a strategic factor. Obsolete equipment, uncontrolled systems, and inefficient processes are causing up to <strong data-start=\"560\" data-end=\"584\">30% of energy<\/strong> to be wasted every day, both in industrial plants and on board ships.<\/p>\t\t\t\t\t\t\t\t<\/div>\n\t\t\t\t<\/div>\n\t\t\t\t<div class=\"elementor-element elementor-element-637cca4 elementor-widget elementor-widget-text-editor\" data-id=\"637cca4\" data-element_type=\"widget\" data-e-type=\"widget\" data-widget_type=\"text-editor.default\">\n\t\t\t\t<div class=\"elementor-widget-container\">\n\t\t\t\t\t\t\t\t\t<p><strong>What if your company or fleet could produce or operate\u2026 while consuming much less?<\/strong><\/p>\t\t\t\t\t\t\t\t<\/div>\n\t\t\t\t<\/div>\n\t\t\t\t\t<\/div>\n\t\t\t\t<\/div>\n\t\t<div class=\"elementor-element elementor-element-7a56ad7 e-flex e-con-boxed e-con e-parent\" data-id=\"7a56ad7\" data-element_type=\"container\" data-e-type=\"container\">\n\t\t\t\t\t<div class=\"e-con-inner\">\n\t\t<div class=\"elementor-element elementor-element-aff23f1 e-con-full e-flex e-con e-child\" data-id=\"aff23f1\" data-element_type=\"container\" data-e-type=\"container\">\n\t\t\t\t<div class=\"elementor-element elementor-element-414d88d elementor-widget elementor-widget-image\" data-id=\"414d88d\" data-element_type=\"widget\" data-e-type=\"widget\" data-widget_type=\"image.default\">\n\t\t\t\t<div class=\"elementor-widget-container\">\n\t\t\t\t\t\t\t\t\t\t\t\t\t\t\t<img decoding=\"async\" width=\"150\" height=\"150\" src=\"https:\/\/isc-methodology.com\/wp-content\/uploads\/2025\/10\/Icono-industria-2-150x150.png\" class=\"attachment-thumbnail size-thumbnail wp-image-4924\" alt=\"icono industria 2\" title=\"Energy Efficiency\">\t\t\t\t\t\t\t\t\t\t\t\t\t\t\t<\/div>\n\t\t\t\t<\/div>\n\t\t\t\t<div class=\"elementor-element elementor-element-afaf696 elementor-widget elementor-widget-image\" data-id=\"afaf696\" data-element_type=\"widget\" data-e-type=\"widget\" data-widget_type=\"image.default\">\n\t\t\t\t<div class=\"elementor-widget-container\">\n\t\t\t\t\t\t\t\t\t\t\t\t\t\t\t<img decoding=\"async\" width=\"150\" height=\"150\" src=\"https:\/\/isc-methodology.com\/wp-content\/uploads\/2025\/10\/icono-barcos-2-150x150.png\" class=\"attachment-thumbnail size-thumbnail wp-image-4925\" alt=\"icono barcos 2\" title=\"Energy Efficiency\">\t\t\t\t\t\t\t\t\t\t\t\t\t\t\t<\/div>\n\t\t\t\t<\/div>\n\t\t\t\t<\/div>\n\t\t<div class=\"elementor-element elementor-element-f6a0484 e-con-full e-flex e-con e-child\" data-id=\"f6a0484\" data-element_type=\"container\" data-e-type=\"container\">\n\t\t\t\t<div class=\"elementor-element elementor-element-9a5e5fb elementor-widget elementor-widget-text-editor\" data-id=\"9a5e5fb\" data-element_type=\"widget\" data-e-type=\"widget\" data-widget_type=\"text-editor.default\">\n\t\t\t\t<div class=\"elementor-widget-container\">\n\t\t\t\t\t\t\t\t\t<p>In sectors such as food, manufacturing, or chemical, energy can represent up to <strong data-start=\"915\" data-end=\"947\">13% of operational costs<\/strong>. Modernizing electrical, thermal, or refrigeration systems can generate <strong data-start=\"1027\" data-end=\"1049\">savings of 20\u201330%<\/strong>, with fast and measurable returns on investment.<\/p>\t\t\t\t\t\t\t\t<\/div>\n\t\t\t\t<\/div>\n\t\t\t\t<div class=\"elementor-element elementor-element-3bb9b0c elementor-widget elementor-widget-text-editor\" data-id=\"3bb9b0c\" data-element_type=\"widget\" data-e-type=\"widget\" data-widget_type=\"text-editor.default\">\n\t\t\t\t<div class=\"elementor-widget-container\">\n\t\t\t\t\t\t\t\t\t<p>Engines, generators, fans, cooling, and pumping systems\u2026 Every optimized kWh on board means more autonomy, lower fuel consumption, and a direct reduction in MARPOL and CO\u2082 emissions. Shipping companies that take action are already reducing their energy consumption by <strong data-start=\"1424\" data-end=\"1443\">15% to 25%<\/strong> through control and modernization solutions.<\/p>\t\t\t\t\t\t\t\t<\/div>\n\t\t\t\t<\/div>\n\t\t\t\t<\/div>\n\t\t\t\t\t<\/div>\n\t\t\t\t<\/div>\n\t\t<div class=\"elementor-element elementor-element-55fa892 e-flex e-con-boxed e-con e-parent\" data-id=\"55fa892\" data-element_type=\"container\" data-e-type=\"container\">\n\t\t\t\t\t<div class=\"e-con-inner\">\n\t\t\t\t<div class=\"elementor-element elementor-element-d9ba660 elementor-widget elementor-widget-heading\" data-id=\"d9ba660\" data-element_type=\"widget\" data-e-type=\"widget\" data-widget_type=\"heading.default\">\n\t\t\t\t<div class=\"elementor-widget-container\">\n\t\t\t\t\t<h6 class=\"elementor-heading-title elementor-size-default\">How can ISC help you?<\/h6>\t\t\t\t<\/div>\n\t\t\t\t<\/div>\n\t\t\t\t<div class=\"elementor-element elementor-element-88e0aac elementor-widget elementor-widget-text-editor\" data-id=\"88e0aac\" data-element_type=\"widget\" data-e-type=\"widget\" data-widget_type=\"text-editor.default\">\n\t\t\t\t<div class=\"elementor-widget-container\">\n\t\t\t\t\t\t\t\t\t<p><strong>With global coverage,<\/strong> we help companies in the industrial and naval sectors reduce their operational costs through advanced energy efficiency strategies. We analyze every facility in detail\u2014whether a manufacturing plant or a ship\u2014to detect hidden energy usage, optimize systems, and implement solutions that generate real and sustainable savings. Our approach combines technology, expertise, and measurable results, achieving a significant reduction in energy and fuel consumption without impacting production or operations. In short, we turn energy into profitability.<\/p>\t\t\t\t\t\t\t\t<\/div>\n\t\t\t\t<\/div>\n\t\t<div class=\"elementor-element elementor-element-211300f e-con-full e-flex e-con e-child\" data-id=\"211300f\" data-element_type=\"container\" data-e-type=\"container\">\n\t\t\t\t<\/div>\n\t\t\t\t\t<\/div>\n\t\t\t\t<\/div>\n\t\t\t\t<\/div>","protected":false},"excerpt":{"rendered":"<p>Eficiencia Energ\u00e9tica para la Industria y el Sector Naval Reduce costes. Incrementa competitividad. Reduce tu huella de carbono. En f\u00e1bricas y en barcos, la energ\u00eda se ha convertido en un factor estrat\u00e9gico. Equipos obsoletos, sistemas sin control y procesos ineficientes est\u00e1n provocando que hasta un 30% de la energ\u00eda se desperdicie cada d\u00eda, tanto en [&hellip;]<\/p>\n","protected":false},"author":2,"featured_media":0,"parent":0,"menu_order":0,"comment_status":"closed","ping_status":"closed","template":"","meta":{"site-sidebar-layout":"no-sidebar","site-content-layout":"page-builder","ast-site-content-layout":"full-width-container","site-content-style":"default","site-sidebar-style":"default","ast-global-header-display":"","ast-banner-title-visibility":"","ast-main-header-display":"","ast-hfb-above-header-display":"","ast-hfb-below-header-display":"","ast-hfb-mobile-header-display":"","site-post-title":"","ast-breadcrumbs-content":"","ast-featured-img":"disabled","footer-sml-layout":"","theme-transparent-header-meta":"","adv-header-id-meta":"","stick-header-meta":"","header-above-stick-meta":"","header-main-stick-meta":"","header-below-stick-meta":"","astra-migrate-meta-layouts":"set","ast-page-background-enabled":"default","ast-page-background-meta":{"desktop":{"background-color":"","background-image":"","background-repeat":"repeat","background-position":"center center","background-size":"auto","background-attachment":"scroll","background-type":"","background-media":"","overlay-type":"","overlay-color":"","overlay-opacity":"","overlay-gradient":""},"tablet":{"background-color":"","background-image":"","background-repeat":"repeat","background-position":"center center","background-size":"auto","background-attachment":"scroll","background-type":"","background-media":"","overlay-type":"","overlay-color":"","overlay-opacity":"","overlay-gradient":""},"mobile":{"background-color":"","background-image":"","background-repeat":"repeat","background-position":"center center","background-size":"auto","background-attachment":"scroll","background-type":"","background-media":"","overlay-type":"","overlay-color":"","overlay-opacity":"","overlay-gradient":""}},"ast-content-background-meta":{"desktop":{"background-color":"var(--ast-global-color-5)","background-image":"","background-repeat":"repeat","background-position":"center center","background-size":"auto","background-attachment":"scroll","background-type":"","background-media":"","overlay-type":"","overlay-color":"","overlay-opacity":"","overlay-gradient":""},"tablet":{"background-color":"var(--ast-global-color-5)","background-image":"","background-repeat":"repeat","background-position":"center center","background-size":"auto","background-attachment":"scroll","background-type":"","background-media":"","overlay-type":"","overlay-color":"","overlay-opacity":"","overlay-gradient":""},"mobile":{"background-color":"var(--ast-global-color-5)","background-image":"","background-repeat":"repeat","background-position":"center center","background-size":"auto","background-attachment":"scroll","background-type":"","background-media":"","overlay-type":"","overlay-color":"","overlay-opacity":"","overlay-gradient":""}},"footnotes":""},"class_list":["post-4564","page","type-page","status-publish","hentry"],"_links":{"self":[{"href":"https:\/\/isc-methodology.com\/en\/wp-json\/wp\/v2\/pages\/4564","targetHints":{"allow":["GET"]}}],"collection":[{"href":"https:\/\/isc-methodology.com\/en\/wp-json\/wp\/v2\/pages"}],"about":[{"href":"https:\/\/isc-methodology.com\/en\/wp-json\/wp\/v2\/types\/page"}],"author":[{"embeddable":true,"href":"https:\/\/isc-methodology.com\/en\/wp-json\/wp\/v2\/users\/2"}],"replies":[{"embeddable":true,"href":"https:\/\/isc-methodology.com\/en\/wp-json\/wp\/v2\/comments?post=4564"}],"version-history":[{"count":48,"href":"https:\/\/isc-methodology.com\/en\/wp-json\/wp\/v2\/pages\/4564\/revisions"}],"predecessor-version":[{"id":4982,"href":"https:\/\/isc-methodology.com\/en\/wp-json\/wp\/v2\/pages\/4564\/revisions\/4982"}],"wp:attachment":[{"href":"https:\/\/isc-methodology.com\/en\/wp-json\/wp\/v2\/media?parent=4564"}],"curies":[{"name":"wp","href":"https:\/\/api.w.org\/{rel}","templated":true}]}}