{"id":4558,"date":"2025-10-12T12:16:57","date_gmt":"2025-10-12T10:16:57","guid":{"rendered":"https:\/\/isc-methodology.com\/?page_id=4558"},"modified":"2025-10-18T11:00:57","modified_gmt":"2025-10-18T09:00:57","slug":"automatizacion","status":"publish","type":"page","link":"https:\/\/isc-methodology.com\/en\/automatizacion\/","title":{"rendered":"Automation"},"content":{"rendered":"<div data-elementor-type=\"wp-page\" data-elementor-id=\"4558\" class=\"elementor elementor-4558\">\n\t\t\t\t<div class=\"elementor-element elementor-element-2130171 e-flex e-con-boxed e-con e-parent\" data-id=\"2130171\" data-element_type=\"container\" data-e-type=\"container\">\n\t\t\t\t\t<div class=\"e-con-inner\">\n\t\t\t\t<div class=\"elementor-element elementor-element-cf259cc elementor-widget elementor-widget-heading\" data-id=\"cf259cc\" data-element_type=\"widget\" data-e-type=\"widget\" data-widget_type=\"heading.default\">\n\t\t\t\t<div class=\"elementor-widget-container\">\n\t\t\t\t\t<h5 class=\"elementor-heading-title elementor-size-default\">Automation<\/h5>\t\t\t\t<\/div>\n\t\t\t\t<\/div>\n\t\t\t\t\t<\/div>\n\t\t\t\t<\/div>\n\t\t<div class=\"elementor-element elementor-element-d6f6140 e-flex e-con-boxed e-con e-parent\" data-id=\"d6f6140\" data-element_type=\"container\" data-e-type=\"container\">\n\t\t\t\t\t<div class=\"e-con-inner\">\n\t\t\t\t<div class=\"elementor-element elementor-element-66184f8 elementor-widget elementor-widget-heading\" data-id=\"66184f8\" data-element_type=\"widget\" data-e-type=\"widget\" data-widget_type=\"heading.default\">\n\t\t\t\t<div class=\"elementor-widget-container\">\n\t\t\t\t\t<h6 class=\"elementor-heading-title elementor-size-default\">Smart Automation to Take Your Operations to the Next Level<\/h6>\t\t\t\t<\/div>\n\t\t\t\t<\/div>\n\t\t\t\t\t<\/div>\n\t\t\t\t<\/div>\n\t\t<div class=\"elementor-element elementor-element-8c71616 e-flex e-con-boxed e-con e-parent\" data-id=\"8c71616\" data-element_type=\"container\" data-e-type=\"container\">\n\t\t\t\t\t<div class=\"e-con-inner\">\n\t\t\t\t<div class=\"elementor-element elementor-element-21347b8 elementor-widget elementor-widget-text-editor\" data-id=\"21347b8\" data-element_type=\"widget\" data-e-type=\"widget\" data-widget_type=\"text-editor.default\">\n\t\t\t\t<div class=\"elementor-widget-container\">\n\t\t\t\t\t\t\t\t\t<p data-start=\"573\" data-end=\"880\">Automation is the ultimate step to transform an efficient facility into a high-performance operation. It\u2019s no longer just about saving energy; it\u2019s about controlling every process with precision to eliminate waste, prevent human errors, and ensure continuous, optimized production.<\/p><p data-start=\"882\" data-end=\"1152\">In industries and on board ships, energy isn\u2019t lost due to major failures but through small daily inefficiencies: engines running without load, oversized cooling systems, and equipment that no one monitors. Automating them turns every kWh into performance.<\/p>\t\t\t\t\t\t\t\t<\/div>\n\t\t\t\t<\/div>\n\t\t\t\t<div class=\"elementor-element elementor-element-da848ba elementor-widget elementor-widget-text-editor\" data-id=\"da848ba\" data-element_type=\"widget\" data-e-type=\"widget\" data-widget_type=\"text-editor.default\">\n\t\t\t\t<div class=\"elementor-widget-container\">\n\t\t\t\t\t\t\t\t\t<p data-start=\"573\" data-end=\"880\"><strong>Our automation solutions merge process improvement and energy efficiency to create systems that not only produce more but consume less, turning every operation into a competitive advantage.<\/strong><\/p>\t\t\t\t\t\t\t\t<\/div>\n\t\t\t\t<\/div>\n\t\t\t\t\t<\/div>\n\t\t\t\t<\/div>\n\t\t<div class=\"elementor-element elementor-element-37b423e e-flex e-con-boxed e-con e-parent\" data-id=\"37b423e\" data-element_type=\"container\" data-e-type=\"container\" id=\"Indis\">\n\t\t\t\t\t<div class=\"e-con-inner\">\n\t\t\t\t<div class=\"elementor-element elementor-element-524c3c7 elementor-widget elementor-widget-heading\" data-id=\"524c3c7\" data-element_type=\"widget\" data-e-type=\"widget\" data-widget_type=\"heading.default\">\n\t\t\t\t<div class=\"elementor-widget-container\">\n\t\t\t\t\t<h6 class=\"elementor-heading-title elementor-size-default\">INDIS \u2013 Proprietary Technology to Measure, Control, and Optimize<\/h6>\t\t\t\t<\/div>\n\t\t\t\t<\/div>\n\t\t\t\t<div class=\"elementor-element elementor-element-82a15d1 elementor-widget elementor-widget-text-editor\" data-id=\"82a15d1\" data-element_type=\"widget\" data-e-type=\"widget\" data-widget_type=\"text-editor.default\">\n\t\t\t\t<div class=\"elementor-widget-container\">\n\t\t\t\t\t\t\t\t\t<p data-start=\"573\" data-end=\"880\">INDIS Equipment <strong data-start=\"568\" data-end=\"577\">INDIS<\/strong> is our line of specialized devices, designed to capture real data, monitor critical systems, and ensure maximum energy and operational performance. Thanks to their integration with analysis and automation platforms, they enable real-time decision-making, detect inefficiencies, and keep energy, fuel, and production processes under control.<\/p>\t\t\t\t\t\t\t\t<\/div>\n\t\t\t\t<\/div>\n\t\t\t\t<div class=\"elementor-element elementor-element-6152c36 elementor-widget elementor-widget-text-editor\" data-id=\"6152c36\" data-element_type=\"widget\" data-e-type=\"widget\" data-widget_type=\"text-editor.default\">\n\t\t\t\t<div class=\"elementor-widget-container\">\n\t\t\t\t\t\t\t\t\t<p data-start=\"977\" data-end=\"1072\">More than instruments, INDIS devices are the bridge between precise measurement and continuous improvement:<\/p>\n<p data-start=\"573\" data-end=\"880\">\n<\/p><ul data-start=\"1073\" data-end=\"1332\">\n<li data-start=\"1073\" data-end=\"1134\">\n<p data-start=\"1075\" data-end=\"1134\"><strong data-start=\"1075\" data-end=\"1108\">Real-Time Monitoring<\/strong> of technical parameters.<\/p>\n<\/li>\n<li data-start=\"1135\" data-end=\"1204\">\n<p data-start=\"1137\" data-end=\"1204\"><strong data-start=\"1137\" data-end=\"1170\">Alerts and Predictive Analysis<\/strong> for anomalies or overconsumption.<\/p>\n<\/li>\n<li data-start=\"1205\" data-end=\"1281\">\n<p data-start=\"1207\" data-end=\"1281\"><strong data-start=\"1207\" data-end=\"1253\">Integration with Automation Systems<\/strong> for automatic adjustments.<\/p>\n<\/li>\n<li data-start=\"1282\" data-end=\"1332\">\n<p data-start=\"1284\" data-end=\"1332\"><strong data-start=\"1284\" data-end=\"1332\">Application in Industrial Plants and Ships.<\/strong><\/p>\n<\/li>\n<\/ul>\t\t\t\t\t\t\t\t<\/div>\n\t\t\t\t<\/div>\n\t\t\t\t\t<\/div>\n\t\t\t\t<\/div>\n\t\t<div class=\"elementor-element elementor-element-0b6a02f e-flex e-con-boxed e-con e-parent\" data-id=\"0b6a02f\" data-element_type=\"container\" data-e-type=\"container\">\n\t\t\t\t\t<div class=\"e-con-inner\">\n\t\t<div class=\"elementor-element elementor-element-cf381e9 e-con-full e-flex e-con e-child\" data-id=\"cf381e9\" data-element_type=\"container\" data-e-type=\"container\">\n\t\t\t\t<div class=\"elementor-element elementor-element-461d9e3 elementor-widget elementor-widget-image\" data-id=\"461d9e3\" data-element_type=\"widget\" data-e-type=\"widget\" data-widget_type=\"image.default\">\n\t\t\t\t<div class=\"elementor-widget-container\">\n\t\t\t\t\t\t\t\t\t\t\t\t\t\t\t<img fetchpriority=\"high\" decoding=\"async\" width=\"300\" height=\"265\" src=\"https:\/\/isc-methodology.com\/wp-content\/uploads\/2025\/10\/ISC-LMRT-300x265.png\" class=\"attachment-medium size-medium wp-image-5013\" alt=\"isc lmrt\" srcset=\"https:\/\/isc-methodology.com\/wp-content\/uploads\/2025\/10\/ISC-LMRT-300x265.png 300w, https:\/\/isc-methodology.com\/wp-content\/uploads\/2025\/10\/ISC-LMRT-768x679.png 768w, https:\/\/isc-methodology.com\/wp-content\/uploads\/2025\/10\/ISC-LMRT.png 1024w\" sizes=\"(max-width: 300px) 100vw, 300px\" title=\"Automation\">\t\t\t\t\t\t\t\t\t\t\t\t\t\t\t<\/div>\n\t\t\t\t<\/div>\n\t\t\t\t<\/div>\n\t\t<div class=\"elementor-element elementor-element-f8235e7 e-con-full e-flex e-con e-child\" data-id=\"f8235e7\" data-element_type=\"container\" data-e-type=\"container\">\n\t\t\t\t<div class=\"elementor-element elementor-element-1aefb6f elementor-widget elementor-widget-image-carousel\" data-id=\"1aefb6f\" data-element_type=\"widget\" data-e-type=\"widget\" data-settings=\"{&quot;slides_to_show&quot;:&quot;1&quot;,&quot;navigation&quot;:&quot;none&quot;,&quot;autoplay&quot;:&quot;yes&quot;,&quot;pause_on_hover&quot;:&quot;yes&quot;,&quot;pause_on_interaction&quot;:&quot;yes&quot;,&quot;autoplay_speed&quot;:5000,&quot;infinite&quot;:&quot;yes&quot;,&quot;effect&quot;:&quot;slide&quot;,&quot;speed&quot;:500}\" data-widget_type=\"image-carousel.default\">\n\t\t\t\t<div class=\"elementor-widget-container\">\n\t\t\t\t\t\t\t<div class=\"elementor-image-carousel-wrapper swiper\" role=\"region\" aria-roledescription=\"carousel\" aria-label=\"Carrusel de im\u00e1genes\" dir=\"ltr\">\n\t\t\t<div class=\"elementor-image-carousel swiper-wrapper\" aria-live=\"off\">\n\t\t\t\t\t\t\t\t<div class=\"swiper-slide\" role=\"group\" aria-roledescription=\"slide\" aria-label=\"1 de 2\"><figure class=\"swiper-slide-inner\"><img decoding=\"async\" class=\"swiper-slide-image\" src=\"https:\/\/isc-methodology.com\/wp-content\/uploads\/2025\/10\/Entorno-CIOT-300x287.png\" alt=\"entorno ciot\" title=\"Automation\"><\/figure><\/div><div class=\"swiper-slide\" role=\"group\" aria-roledescription=\"slide\" aria-label=\"2 de 2\"><figure class=\"swiper-slide-inner\"><img decoding=\"async\" class=\"swiper-slide-image\" src=\"https:\/\/isc-methodology.com\/wp-content\/uploads\/2025\/10\/ISC-CIOT--203x300.png\" alt=\"isc ciot\" title=\"Automation\"><\/figure><\/div>\t\t\t<\/div>\n\t\t\t\t\t\t\t\n\t\t\t\t\t\t\t\t\t<\/div>\n\t\t\t\t\t\t<\/div>\n\t\t\t\t<\/div>\n\t\t\t\t<\/div>\n\t\t\t\t\t<\/div>\n\t\t\t\t<\/div>\n\t\t<div class=\"elementor-element elementor-element-5be7c59 e-flex e-con-boxed e-con e-parent\" data-id=\"5be7c59\" data-element_type=\"container\" data-e-type=\"container\">\n\t\t\t\t\t<div class=\"e-con-inner\">\n\t\t<div class=\"elementor-element elementor-element-137aa36 e-con-full e-flex e-con e-child\" data-id=\"137aa36\" data-element_type=\"container\" data-e-type=\"container\">\n\t\t\t\t<div class=\"elementor-element elementor-element-5dae4eb elementor-widget elementor-widget-heading\" data-id=\"5dae4eb\" data-element_type=\"widget\" data-e-type=\"widget\" data-widget_type=\"heading.default\">\n\t\t\t\t<div class=\"elementor-widget-container\">\n\t\t\t\t\t<h4 class=\"elementor-heading-title elementor-size-default\">ISC LMRT<\/h4>\t\t\t\t<\/div>\n\t\t\t\t<\/div>\n\t\t\t\t<\/div>\n\t\t<div class=\"elementor-element elementor-element-de43612 e-con-full e-flex e-con e-child\" data-id=\"de43612\" data-element_type=\"container\" data-e-type=\"container\">\n\t\t\t\t<div class=\"elementor-element elementor-element-24bae8b elementor-widget elementor-widget-heading\" data-id=\"24bae8b\" data-element_type=\"widget\" data-e-type=\"widget\" data-widget_type=\"heading.default\">\n\t\t\t\t<div class=\"elementor-widget-container\">\n\t\t\t\t\t<h4 class=\"elementor-heading-title elementor-size-default\">ISC CIOT<\/h4>\t\t\t\t<\/div>\n\t\t\t\t<\/div>\n\t\t\t\t<\/div>\n\t\t\t\t\t<\/div>\n\t\t\t\t<\/div>\n\t\t<div class=\"elementor-element elementor-element-4154d35 e-flex e-con-boxed e-con e-parent\" data-id=\"4154d35\" data-element_type=\"container\" data-e-type=\"container\">\n\t\t\t\t\t<div class=\"e-con-inner\">\n\t\t<div class=\"elementor-element elementor-element-62e1365 e-con-full e-flex e-con e-child\" data-id=\"62e1365\" data-element_type=\"container\" data-e-type=\"container\">\n\t\t\t\t<div class=\"elementor-element elementor-element-102a7a6 elementor-align-center elementor-widget elementor-widget-button\" data-id=\"102a7a6\" data-element_type=\"widget\" data-e-type=\"widget\" data-widget_type=\"button.default\">\n\t\t\t\t<div class=\"elementor-widget-container\">\n\t\t\t\t\t\t\t\t\t<div class=\"elementor-button-wrapper\">\n\t\t\t\t\t<a class=\"elementor-button elementor-button-link elementor-size-sm\" href=\"https:\/\/isc-methodology.com\/en\/Lmrt\/\">\n\t\t\t\t\t\t<span class=\"elementor-button-content-wrapper\">\n\t\t\t\t\t\t\t\t\t<span class=\"elementor-button-text\">More info LMRT<\/span>\n\t\t\t\t\t<\/span>\n\t\t\t\t\t<\/a>\n\t\t\t\t<\/div>\n\t\t\t\t\t\t\t\t<\/div>\n\t\t\t\t<\/div>\n\t\t\t\t<\/div>\n\t\t<div class=\"elementor-element elementor-element-eae96b3 e-con-full e-flex e-con e-child\" data-id=\"eae96b3\" data-element_type=\"container\" data-e-type=\"container\">\n\t\t\t\t<div class=\"elementor-element elementor-element-a6d292b elementor-align-center elementor-widget elementor-widget-button\" data-id=\"a6d292b\" data-element_type=\"widget\" data-e-type=\"widget\" data-widget_type=\"button.default\">\n\t\t\t\t<div class=\"elementor-widget-container\">\n\t\t\t\t\t\t\t\t\t<div class=\"elementor-button-wrapper\">\n\t\t\t\t\t<a class=\"elementor-button elementor-button-link elementor-size-sm\" href=\"https:\/\/isc-methodology.com\/en\/Ciot\/\">\n\t\t\t\t\t\t<span class=\"elementor-button-content-wrapper\">\n\t\t\t\t\t\t\t\t\t<span class=\"elementor-button-text\">More info CIOT<\/span>\n\t\t\t\t\t<\/span>\n\t\t\t\t\t<\/a>\n\t\t\t\t<\/div>\n\t\t\t\t\t\t\t\t<\/div>\n\t\t\t\t<\/div>\n\t\t\t\t<\/div>\n\t\t\t\t\t<\/div>\n\t\t\t\t<\/div>\n\t\t\t\t<\/div>","protected":false},"excerpt":{"rendered":"<p>Automatizaci\u00f3n Automatizaci\u00f3n Inteligente para Llevar tu Operaci\u00f3n al Siguiente Nivel La automatizaci\u00f3n es el paso definitivo para transformar una instalaci\u00f3n eficiente en una operaci\u00f3n de alto rendimiento. Ya no se trata solo de ahorrar energ\u00eda, sino de controlar cada proceso con precisi\u00f3n para eliminar desperdicios, evitar errores humanos y garantizar una producci\u00f3n continua y optimizada. [&hellip;]<\/p>\n","protected":false},"author":2,"featured_media":0,"parent":0,"menu_order":0,"comment_status":"closed","ping_status":"closed","template":"","meta":{"site-sidebar-layout":"no-sidebar","site-content-layout":"page-builder","ast-site-content-layout":"full-width-container","site-content-style":"default","site-sidebar-style":"default","ast-global-header-display":"","ast-banner-title-visibility":"","ast-main-header-display":"","ast-hfb-above-header-display":"","ast-hfb-below-header-display":"","ast-hfb-mobile-header-display":"","site-post-title":"","ast-breadcrumbs-content":"","ast-featured-img":"disabled","footer-sml-layout":"","theme-transparent-header-meta":"","adv-header-id-meta":"","stick-header-meta":"","header-above-stick-meta":"","header-main-stick-meta":"","header-below-stick-meta":"","astra-migrate-meta-layouts":"set","ast-page-background-enabled":"default","ast-page-background-meta":{"desktop":{"background-color":"","background-image":"","background-repeat":"repeat","background-position":"center center","background-size":"auto","background-attachment":"scroll","background-type":"","background-media":"","overlay-type":"","overlay-color":"","overlay-opacity":"","overlay-gradient":""},"tablet":{"background-color":"","background-image":"","background-repeat":"repeat","background-position":"center center","background-size":"auto","background-attachment":"scroll","background-type":"","background-media":"","overlay-type":"","overlay-color":"","overlay-opacity":"","overlay-gradient":""},"mobile":{"background-color":"","background-image":"","background-repeat":"repeat","background-position":"center center","background-size":"auto","background-attachment":"scroll","background-type":"","background-media":"","overlay-type":"","overlay-color":"","overlay-opacity":"","overlay-gradient":""}},"ast-content-background-meta":{"desktop":{"background-color":"var(--ast-global-color-5)","background-image":"","background-repeat":"repeat","background-position":"center center","background-size":"auto","background-attachment":"scroll","background-type":"","background-media":"","overlay-type":"","overlay-color":"","overlay-opacity":"","overlay-gradient":""},"tablet":{"background-color":"var(--ast-global-color-5)","background-image":"","background-repeat":"repeat","background-position":"center center","background-size":"auto","background-attachment":"scroll","background-type":"","background-media":"","overlay-type":"","overlay-color":"","overlay-opacity":"","overlay-gradient":""},"mobile":{"background-color":"var(--ast-global-color-5)","background-image":"","background-repeat":"repeat","background-position":"center center","background-size":"auto","background-attachment":"scroll","background-type":"","background-media":"","overlay-type":"","overlay-color":"","overlay-opacity":"","overlay-gradient":""}},"footnotes":""},"class_list":["post-4558","page","type-page","status-publish","hentry"],"_links":{"self":[{"href":"https:\/\/isc-methodology.com\/en\/wp-json\/wp\/v2\/pages\/4558","targetHints":{"allow":["GET"]}}],"collection":[{"href":"https:\/\/isc-methodology.com\/en\/wp-json\/wp\/v2\/pages"}],"about":[{"href":"https:\/\/isc-methodology.com\/en\/wp-json\/wp\/v2\/types\/page"}],"author":[{"embeddable":true,"href":"https:\/\/isc-methodology.com\/en\/wp-json\/wp\/v2\/users\/2"}],"replies":[{"embeddable":true,"href":"https:\/\/isc-methodology.com\/en\/wp-json\/wp\/v2\/comments?post=4558"}],"version-history":[{"count":72,"href":"https:\/\/isc-methodology.com\/en\/wp-json\/wp\/v2\/pages\/4558\/revisions"}],"predecessor-version":[{"id":5261,"href":"https:\/\/isc-methodology.com\/en\/wp-json\/wp\/v2\/pages\/4558\/revisions\/5261"}],"wp:attachment":[{"href":"https:\/\/isc-methodology.com\/en\/wp-json\/wp\/v2\/media?parent=4558"}],"curies":[{"name":"wp","href":"https:\/\/api.w.org\/{rel}","templated":true}]}}