{"id":4553,"date":"2025-10-12T12:10:39","date_gmt":"2025-10-12T10:10:39","guid":{"rendered":"https:\/\/isc-methodology.com\/?page_id=4553"},"modified":"2025-10-17T11:27:41","modified_gmt":"2025-10-17T09:27:41","slug":"servicios","status":"publish","type":"page","link":"https:\/\/isc-methodology.com\/en\/servicios\/","title":{"rendered":"Services"},"content":{"rendered":"<div data-elementor-type=\"wp-page\" data-elementor-id=\"4553\" class=\"elementor elementor-4553\">\n\t\t\t\t<div class=\"elementor-element elementor-element-b8ca4d0 e-flex e-con-boxed e-con e-parent\" data-id=\"b8ca4d0\" data-element_type=\"container\" data-e-type=\"container\">\n\t\t\t\t\t<div class=\"e-con-inner\">\n\t\t<div class=\"elementor-element elementor-element-92aa3c1 e-con-full e-flex e-con e-child\" data-id=\"92aa3c1\" data-element_type=\"container\" data-e-type=\"container\" data-settings=\"{&quot;background_background&quot;:&quot;classic&quot;}\">\n\t\t\t\t<div class=\"elementor-element elementor-element-2308b9a elementor-widget elementor-widget-image\" data-id=\"2308b9a\" data-element_type=\"widget\" data-e-type=\"widget\" data-widget_type=\"image.default\">\n\t\t\t\t<div class=\"elementor-widget-container\">\n\t\t\t\t\t\t\t\t\t\t\t\t\t\t\t\t<a href=\"https:\/\/isc-methodology.com\/en\/mejora-de-procesos\/\">\n\t\t\t\t\t\t\t<img fetchpriority=\"high\" decoding=\"async\" width=\"332\" height=\"329\" src=\"https:\/\/isc-methodology.com\/wp-content\/uploads\/2025\/10\/Iconos-Mejora-de-procesos-sf.png\" class=\"attachment-medium_large size-medium_large wp-image-3760\" alt=\"iconos mejora de procesos sf\" srcset=\"https:\/\/isc-methodology.com\/wp-content\/uploads\/2025\/10\/Iconos-Mejora-de-procesos-sf.png 332w, https:\/\/isc-methodology.com\/wp-content\/uploads\/2025\/10\/Iconos-Mejora-de-procesos-sf-300x297.png 300w, https:\/\/isc-methodology.com\/wp-content\/uploads\/2025\/10\/Iconos-Mejora-de-procesos-sf-150x150.png 150w\" sizes=\"(max-width: 332px) 100vw, 332px\" title=\"Services\">\t\t\t\t\t\t\t\t<\/a>\n\t\t\t\t\t\t\t\t\t\t\t\t\t\t\t<\/div>\n\t\t\t\t<\/div>\n\t\t\t\t<div class=\"elementor-element elementor-element-f407025 elementor-widget elementor-widget-heading\" data-id=\"f407025\" data-element_type=\"widget\" data-e-type=\"widget\" data-widget_type=\"heading.default\">\n\t\t\t\t<div class=\"elementor-widget-container\">\n\t\t\t\t\t<h6 class=\"elementor-heading-title elementor-size-default\">Process Improvement<\/h6>\t\t\t\t<\/div>\n\t\t\t\t<\/div>\n\t\t\t\t<div class=\"elementor-element elementor-element-0002de5 elementor-widget elementor-widget-text-editor\" data-id=\"0002de5\" data-element_type=\"widget\" data-e-type=\"widget\" data-widget_type=\"text-editor.default\">\n\t\t\t\t<div class=\"elementor-widget-container\">\n\t\t\t\t\t\t\t\t\t<p><b>We transform your industrial capabilities.<\/b> We use or <strong>methodology<\/strong> <b>ISC<\/b>\u00a0and precision technology to go beyond traditional consulting, identifying and eliminating critical inefficiencies. The result: <b>faster processes, reduced costs, and tangible global competitiveness.<\/b><\/p>\t\t\t\t\t\t\t\t<\/div>\n\t\t\t\t<\/div>\n\t\t\t\t<\/div>\n\t\t<div class=\"elementor-element elementor-element-1ce5d5f e-con-full e-flex e-con e-child\" data-id=\"1ce5d5f\" data-element_type=\"container\" data-e-type=\"container\" data-settings=\"{&quot;background_background&quot;:&quot;classic&quot;}\">\n\t\t\t\t<div class=\"elementor-element elementor-element-58de8e7 elementor-widget elementor-widget-image\" data-id=\"58de8e7\" data-element_type=\"widget\" data-e-type=\"widget\" data-widget_type=\"image.default\">\n\t\t\t\t<div class=\"elementor-widget-container\">\n\t\t\t\t\t\t\t\t\t\t\t\t\t\t\t\t<a href=\"https:\/\/isc-methodology.com\/en\/mejora-de-procesos\/\">\n\t\t\t\t\t\t\t<img decoding=\"async\" width=\"330\" height=\"331\" src=\"https:\/\/isc-methodology.com\/wp-content\/uploads\/2025\/10\/Iconos-eficiencia-1.png\" class=\"attachment-medium_large size-medium_large wp-image-5224\" alt=\"iconos eficiencia\" srcset=\"https:\/\/isc-methodology.com\/wp-content\/uploads\/2025\/10\/Iconos-eficiencia-1.png 330w, https:\/\/isc-methodology.com\/wp-content\/uploads\/2025\/10\/Iconos-eficiencia-1-300x300.png 300w, https:\/\/isc-methodology.com\/wp-content\/uploads\/2025\/10\/Iconos-eficiencia-1-150x150.png 150w, https:\/\/isc-methodology.com\/wp-content\/uploads\/2025\/10\/Iconos-eficiencia-1-12x12.png 12w\" sizes=\"(max-width: 330px) 100vw, 330px\" title=\"Services\">\t\t\t\t\t\t\t\t<\/a>\n\t\t\t\t\t\t\t\t\t\t\t\t\t\t\t<\/div>\n\t\t\t\t<\/div>\n\t\t\t\t<div class=\"elementor-element elementor-element-73e808d elementor-widget elementor-widget-heading\" data-id=\"73e808d\" data-element_type=\"widget\" data-e-type=\"widget\" data-widget_type=\"heading.default\">\n\t\t\t\t<div class=\"elementor-widget-container\">\n\t\t\t\t\t<h6 class=\"elementor-heading-title elementor-size-default\">Energy Efficiency<\/h6>\t\t\t\t<\/div>\n\t\t\t\t<\/div>\n\t\t\t\t<div class=\"elementor-element elementor-element-34960e8 elementor-widget elementor-widget-text-editor\" data-id=\"34960e8\" data-element_type=\"widget\" data-e-type=\"widget\" data-widget_type=\"text-editor.default\">\n\t\t\t\t<div class=\"elementor-widget-container\">\n\t\t\t\t\t\t\t\t\t<p><b>We turn your energy expenditure into direct profit.<\/b> Through our methodology <b>AHE<\/b>\u00a0and advanced monitoring devices such as the <b>LRMT<\/b>, realizamos un diagn\u00f3stico 360\u00ba para eliminar el desperdicio. Le garantizamos una reducci\u00f3n sustancial de costes\u00a0 impulsando su rentabilidad y sostenibilidad.<\/p>\t\t\t\t\t\t\t\t<\/div>\n\t\t\t\t<\/div>\n\t\t\t\t<\/div>\n\t\t<div class=\"elementor-element elementor-element-c5e9de2 e-con-full e-flex e-con e-child\" data-id=\"c5e9de2\" data-element_type=\"container\" data-e-type=\"container\" data-settings=\"{&quot;background_background&quot;:&quot;classic&quot;}\">\n\t\t\t\t<div class=\"elementor-element elementor-element-d28d648 elementor-widget elementor-widget-image\" data-id=\"d28d648\" data-element_type=\"widget\" data-e-type=\"widget\" data-widget_type=\"image.default\">\n\t\t\t\t<div class=\"elementor-widget-container\">\n\t\t\t\t\t\t\t\t\t\t\t\t\t\t\t\t<a href=\"https:\/\/isc-methodology.com\/en\/automatizacion\/\">\n\t\t\t\t\t\t\t<img decoding=\"async\" width=\"328\" height=\"328\" src=\"https:\/\/isc-methodology.com\/wp-content\/uploads\/2025\/10\/Iconos-automatizacion.png\" class=\"attachment-medium_large size-medium_large wp-image-3758\" alt=\"iconos automatizacion\" srcset=\"https:\/\/isc-methodology.com\/wp-content\/uploads\/2025\/10\/Iconos-automatizacion.png 328w, https:\/\/isc-methodology.com\/wp-content\/uploads\/2025\/10\/Iconos-automatizacion-300x300.png 300w, https:\/\/isc-methodology.com\/wp-content\/uploads\/2025\/10\/Iconos-automatizacion-150x150.png 150w\" sizes=\"(max-width: 328px) 100vw, 328px\" title=\"Services\">\t\t\t\t\t\t\t\t<\/a>\n\t\t\t\t\t\t\t\t\t\t\t\t\t\t\t<\/div>\n\t\t\t\t<\/div>\n\t\t\t\t<div class=\"elementor-element elementor-element-d21ceca elementor-widget elementor-widget-heading\" data-id=\"d21ceca\" data-element_type=\"widget\" data-e-type=\"widget\" data-widget_type=\"heading.default\">\n\t\t\t\t<div class=\"elementor-widget-container\">\n\t\t\t\t\t<h6 class=\"elementor-heading-title elementor-size-default\">Automation<\/h6>\t\t\t\t<\/div>\n\t\t\t\t<\/div>\n\t\t\t\t<div class=\"elementor-element elementor-element-42d6d13 elementor-widget elementor-widget-text-editor\" data-id=\"42d6d13\" data-element_type=\"widget\" data-e-type=\"widget\" data-widget_type=\"text-editor.default\">\n\t\t\t\t<div class=\"elementor-widget-container\">\n\t\t\t\t\t\t\t\t\t<p><b>Smart Automation. Total Control.<\/b> We implement advanced solutions to optimize your processes. Our <b>INDIS<\/b> designs and manufactures custom control devices that serve as the ideal infrastructure to lead your company into <b>Industry 4.0 readiness.<\/b>, ensuring efficiency and autonomy.<\/p>\t\t\t\t\t\t\t\t<\/div>\n\t\t\t\t<\/div>\n\t\t\t\t<\/div>\n\t\t<div class=\"elementor-element elementor-element-e89ca4d e-con-full e-flex e-con e-child\" data-id=\"e89ca4d\" data-element_type=\"container\" data-e-type=\"container\" data-settings=\"{&quot;background_background&quot;:&quot;classic&quot;}\">\n\t\t\t\t<div class=\"elementor-element elementor-element-4dc5127 elementor-widget elementor-widget-image\" data-id=\"4dc5127\" data-element_type=\"widget\" data-e-type=\"widget\" data-widget_type=\"image.default\">\n\t\t\t\t<div class=\"elementor-widget-container\">\n\t\t\t\t\t\t\t\t\t\t\t\t\t\t\t\t<a href=\"https:\/\/isc-methodology.com\/en\/automatizacion\/\">\n\t\t\t\t\t\t\t<img loading=\"lazy\" decoding=\"async\" width=\"328\" height=\"328\" src=\"https:\/\/isc-methodology.com\/wp-content\/uploads\/2025\/10\/Icono-Formacion.png\" class=\"attachment-medium_large size-medium_large wp-image-4749\" alt=\"icono formacion\" srcset=\"https:\/\/isc-methodology.com\/wp-content\/uploads\/2025\/10\/Icono-Formacion.png 328w, https:\/\/isc-methodology.com\/wp-content\/uploads\/2025\/10\/Icono-Formacion-300x300.png 300w, https:\/\/isc-methodology.com\/wp-content\/uploads\/2025\/10\/Icono-Formacion-150x150.png 150w\" sizes=\"(max-width: 328px) 100vw, 328px\" title=\"Services\">\t\t\t\t\t\t\t\t<\/a>\n\t\t\t\t\t\t\t\t\t\t\t\t\t\t\t<\/div>\n\t\t\t\t<\/div>\n\t\t\t\t<div class=\"elementor-element elementor-element-672d858 elementor-widget elementor-widget-heading\" data-id=\"672d858\" data-element_type=\"widget\" data-e-type=\"widget\" data-widget_type=\"heading.default\">\n\t\t\t\t<div class=\"elementor-widget-container\">\n\t\t\t\t\t<h6 class=\"elementor-heading-title elementor-size-default\">Training<\/h6>\t\t\t\t<\/div>\n\t\t\t\t<\/div>\n\t\t\t\t<div class=\"elementor-element elementor-element-1ea1dbb elementor-widget elementor-widget-text-editor\" data-id=\"1ea1dbb\" data-element_type=\"widget\" data-e-type=\"widget\" data-widget_type=\"text-editor.default\">\n\t\t\t\t<div class=\"elementor-widget-container\">\n\t\t\t\t\t\t\t\t\t<p><b>We build a culture of improvement.<\/b> We transfer knowledge: we don\u2019t just solve problems \u2014 we teach your team to operate with <b>Common Sense Engineering<\/b>. We offer <b>100% practical workshops<\/b> at your facilities to generate real improvements from day one.<\/p>\t\t\t\t\t\t\t\t<\/div>\n\t\t\t\t<\/div>\n\t\t\t\t<\/div>\n\t\t\t\t\t<\/div>\n\t\t\t\t<\/div>\n\t\t<div class=\"elementor-element elementor-element-a73099a e-flex e-con-boxed e-con e-parent\" data-id=\"a73099a\" data-element_type=\"container\" data-e-type=\"container\">\n\t\t\t\t\t<div class=\"e-con-inner\">\n\t\t<div class=\"elementor-element elementor-element-cabcb0a e-con-full e-flex e-con e-child\" data-id=\"cabcb0a\" data-element_type=\"container\" data-e-type=\"container\">\n\t\t\t\t<div class=\"elementor-element elementor-element-f867c76 elementor-widget elementor-widget-image\" data-id=\"f867c76\" data-element_type=\"widget\" data-e-type=\"widget\" data-widget_type=\"image.default\">\n\t\t\t\t<div class=\"elementor-widget-container\">\n\t\t\t\t\t\t\t\t\t\t\t\t\t\t\t\t<a href=\"https:\/\/isc-methodology.com\/en\/eficiencia-energetica\/\">\n\t\t\t\t\t\t\t<img loading=\"lazy\" decoding=\"async\" width=\"300\" height=\"167\" src=\"https:\/\/isc-methodology.com\/wp-content\/uploads\/2025\/10\/cropped-Logo-sin-fondo-2-126x70.png\" class=\"attachment-medium size-medium wp-image-3790\" alt=\"logo sin fondo\" srcset=\"https:\/\/isc-methodology.com\/wp-content\/uploads\/2025\/10\/cropped-Logo-sin-fondo-2-300x167.png 300w, https:\/\/isc-methodology.com\/wp-content\/uploads\/2025\/10\/cropped-Logo-sin-fondo-2-126x70.png 126w, https:\/\/isc-methodology.com\/wp-content\/uploads\/2025\/10\/cropped-Logo-sin-fondo-2.png 425w\" sizes=\"(max-width: 300px) 100vw, 300px\" title=\"Services\">\t\t\t\t\t\t\t\t<\/a>\n\t\t\t\t\t\t\t\t\t\t\t\t\t\t\t<\/div>\n\t\t\t\t<\/div>\n\t\t\t\t<\/div>\n\t\t<div class=\"elementor-element elementor-element-0033ac5 e-con-full e-flex e-con e-child\" data-id=\"0033ac5\" data-element_type=\"container\" data-e-type=\"container\">\n\t\t\t\t<div class=\"elementor-element elementor-element-a4796ac elementor-widget elementor-widget-image\" data-id=\"a4796ac\" data-element_type=\"widget\" data-e-type=\"widget\" data-widget_type=\"image.default\">\n\t\t\t\t<div class=\"elementor-widget-container\">\n\t\t\t\t\t\t\t\t\t\t\t\t\t\t\t\t<a href=\"https:\/\/isc-methodology.com\/en\/eficiencia-energetica\/\">\n\t\t\t\t\t\t\t<img loading=\"lazy\" decoding=\"async\" width=\"300\" height=\"167\" src=\"https:\/\/isc-methodology.com\/wp-content\/uploads\/2025\/10\/cropped-Logo-sin-fondo-2-126x70.png\" class=\"attachment-medium size-medium wp-image-3790\" alt=\"logo sin fondo\" srcset=\"https:\/\/isc-methodology.com\/wp-content\/uploads\/2025\/10\/cropped-Logo-sin-fondo-2-300x167.png 300w, https:\/\/isc-methodology.com\/wp-content\/uploads\/2025\/10\/cropped-Logo-sin-fondo-2-126x70.png 126w, https:\/\/isc-methodology.com\/wp-content\/uploads\/2025\/10\/cropped-Logo-sin-fondo-2.png 425w\" sizes=\"(max-width: 300px) 100vw, 300px\" title=\"Services\">\t\t\t\t\t\t\t\t<\/a>\n\t\t\t\t\t\t\t\t\t\t\t\t\t\t\t<\/div>\n\t\t\t\t<\/div>\n\t\t\t\t<\/div>\n\t\t<div class=\"elementor-element elementor-element-86eeb03 e-con-full e-flex e-con e-child\" data-id=\"86eeb03\" data-element_type=\"container\" data-e-type=\"container\">\n\t\t\t\t<div class=\"elementor-element elementor-element-81da372 elementor-widget elementor-widget-image\" data-id=\"81da372\" data-element_type=\"widget\" data-e-type=\"widget\" data-widget_type=\"image.default\">\n\t\t\t\t<div class=\"elementor-widget-container\">\n\t\t\t\t\t\t\t\t\t\t\t\t\t\t\t\t<a href=\"https:\/\/isc-methodology.com\/en\/automatizacion\/\">\n\t\t\t\t\t\t\t<img loading=\"lazy\" decoding=\"async\" width=\"300\" height=\"167\" src=\"https:\/\/isc-methodology.com\/wp-content\/uploads\/2025\/10\/cropped-Logo-sin-fondo-2-126x70.png\" class=\"attachment-medium size-medium wp-image-3790\" alt=\"logo sin fondo\" srcset=\"https:\/\/isc-methodology.com\/wp-content\/uploads\/2025\/10\/cropped-Logo-sin-fondo-2-300x167.png 300w, https:\/\/isc-methodology.com\/wp-content\/uploads\/2025\/10\/cropped-Logo-sin-fondo-2-126x70.png 126w, https:\/\/isc-methodology.com\/wp-content\/uploads\/2025\/10\/cropped-Logo-sin-fondo-2.png 425w\" sizes=\"(max-width: 300px) 100vw, 300px\" title=\"Services\">\t\t\t\t\t\t\t\t<\/a>\n\t\t\t\t\t\t\t\t\t\t\t\t\t\t\t<\/div>\n\t\t\t\t<\/div>\n\t\t\t\t<\/div>\n\t\t<div class=\"elementor-element elementor-element-9a11265 e-con-full e-flex e-con e-child\" data-id=\"9a11265\" data-element_type=\"container\" data-e-type=\"container\">\n\t\t\t\t<div class=\"elementor-element elementor-element-41d1d50 elementor-widget elementor-widget-image\" data-id=\"41d1d50\" data-element_type=\"widget\" data-e-type=\"widget\" data-widget_type=\"image.default\">\n\t\t\t\t<div class=\"elementor-widget-container\">\n\t\t\t\t\t\t\t\t\t\t\t\t\t\t\t\t<a href=\"https:\/\/isc-methodology.com\/en\/formacion\/\">\n\t\t\t\t\t\t\t<img loading=\"lazy\" decoding=\"async\" width=\"300\" height=\"167\" src=\"https:\/\/isc-methodology.com\/wp-content\/uploads\/2025\/10\/cropped-Logo-sin-fondo-2-126x70.png\" class=\"attachment-medium size-medium wp-image-3790\" alt=\"logo sin fondo\" srcset=\"https:\/\/isc-methodology.com\/wp-content\/uploads\/2025\/10\/cropped-Logo-sin-fondo-2-300x167.png 300w, https:\/\/isc-methodology.com\/wp-content\/uploads\/2025\/10\/cropped-Logo-sin-fondo-2-126x70.png 126w, https:\/\/isc-methodology.com\/wp-content\/uploads\/2025\/10\/cropped-Logo-sin-fondo-2.png 425w\" sizes=\"(max-width: 300px) 100vw, 300px\" title=\"Services\">\t\t\t\t\t\t\t\t<\/a>\n\t\t\t\t\t\t\t\t\t\t\t\t\t\t\t<\/div>\n\t\t\t\t<\/div>\n\t\t\t\t<\/div>\n\t\t\t\t\t<\/div>\n\t\t\t\t<\/div>\n\t\t\t\t<\/div>","protected":false},"excerpt":{"rendered":"<p>Mejora de Procesos Transformamos su capacidad industrial. Utilizamos nuestra metodolog\u00eda ISC\u00a0y tecnolog\u00eda de precisi\u00f3n para ir m\u00e1s all\u00e1 de la consultor\u00eda tradicional, identificando y eliminando ineficiencias cr\u00edticas. El resultado: procesos m\u00e1s r\u00e1pidos, costes reducidos y competitividad global tangible. Eficiencia Energ\u00e9tica Convertimos su gasto energ\u00e9tico en un beneficio directo. A trav\u00e9s de nuestra metodolog\u00eda AHE\u00a0y dispositivos [&hellip;]<\/p>\n","protected":false},"author":2,"featured_media":0,"parent":0,"menu_order":0,"comment_status":"closed","ping_status":"closed","template":"","meta":{"site-sidebar-layout":"no-sidebar","site-content-layout":"page-builder","ast-site-content-layout":"full-width-container","site-content-style":"default","site-sidebar-style":"default","ast-global-header-display":"","ast-banner-title-visibility":"","ast-main-header-display":"","ast-hfb-above-header-display":"","ast-hfb-below-header-display":"","ast-hfb-mobile-header-display":"","site-post-title":"","ast-breadcrumbs-content":"","ast-featured-img":"disabled","footer-sml-layout":"","theme-transparent-header-meta":"","adv-header-id-meta":"","stick-header-meta":"","header-above-stick-meta":"","header-main-stick-meta":"","header-below-stick-meta":"","astra-migrate-meta-layouts":"set","ast-page-background-enabled":"default","ast-page-background-meta":{"desktop":{"background-color":"","background-image":"","background-repeat":"repeat","background-position":"center center","background-size":"auto","background-attachment":"scroll","background-type":"","background-media":"","overlay-type":"","overlay-color":"","overlay-opacity":"","overlay-gradient":""},"tablet":{"background-color":"","background-image":"","background-repeat":"repeat","background-position":"center center","background-size":"auto","background-attachment":"scroll","background-type":"","background-media":"","overlay-type":"","overlay-color":"","overlay-opacity":"","overlay-gradient":""},"mobile":{"background-color":"","background-image":"","background-repeat":"repeat","background-position":"center center","background-size":"auto","background-attachment":"scroll","background-type":"","background-media":"","overlay-type":"","overlay-color":"","overlay-opacity":"","overlay-gradient":""}},"ast-content-background-meta":{"desktop":{"background-color":"var(--ast-global-color-5)","background-image":"","background-repeat":"repeat","background-position":"center center","background-size":"auto","background-attachment":"scroll","background-type":"","background-media":"","overlay-type":"","overlay-color":"","overlay-opacity":"","overlay-gradient":""},"tablet":{"background-color":"var(--ast-global-color-5)","background-image":"","background-repeat":"repeat","background-position":"center center","background-size":"auto","background-attachment":"scroll","background-type":"","background-media":"","overlay-type":"","overlay-color":"","overlay-opacity":"","overlay-gradient":""},"mobile":{"background-color":"var(--ast-global-color-5)","background-image":"","background-repeat":"repeat","background-position":"center center","background-size":"auto","background-attachment":"scroll","background-type":"","background-media":"","overlay-type":"","overlay-color":"","overlay-opacity":"","overlay-gradient":""}},"footnotes":""},"class_list":["post-4553","page","type-page","status-publish","hentry"],"_links":{"self":[{"href":"https:\/\/isc-methodology.com\/en\/wp-json\/wp\/v2\/pages\/4553","targetHints":{"allow":["GET"]}}],"collection":[{"href":"https:\/\/isc-methodology.com\/en\/wp-json\/wp\/v2\/pages"}],"about":[{"href":"https:\/\/isc-methodology.com\/en\/wp-json\/wp\/v2\/types\/page"}],"author":[{"embeddable":true,"href":"https:\/\/isc-methodology.com\/en\/wp-json\/wp\/v2\/users\/2"}],"replies":[{"embeddable":true,"href":"https:\/\/isc-methodology.com\/en\/wp-json\/wp\/v2\/comments?post=4553"}],"version-history":[{"count":144,"href":"https:\/\/isc-methodology.com\/en\/wp-json\/wp\/v2\/pages\/4553\/revisions"}],"predecessor-version":[{"id":5227,"href":"https:\/\/isc-methodology.com\/en\/wp-json\/wp\/v2\/pages\/4553\/revisions\/5227"}],"wp:attachment":[{"href":"https:\/\/isc-methodology.com\/en\/wp-json\/wp\/v2\/media?parent=4553"}],"curies":[{"name":"wp","href":"https:\/\/api.w.org\/{rel}","templated":true}]}}