{"id":3814,"date":"2025-10-07T19:48:51","date_gmt":"2025-10-07T17:48:51","guid":{"rendered":"https:\/\/isc-methodology.com\/?page_id=3814"},"modified":"2025-10-18T10:57:30","modified_gmt":"2025-10-18T08:57:30","slug":"mejora-de-procesos","status":"publish","type":"page","link":"https:\/\/isc-methodology.com\/en\/mejora-de-procesos\/","title":{"rendered":"Process Improvement"},"content":{"rendered":"<div data-elementor-type=\"wp-page\" data-elementor-id=\"3814\" class=\"elementor elementor-3814\">\n\t\t\t\t<div class=\"elementor-element elementor-element-85ac7b4 e-flex e-con-boxed e-con e-parent\" data-id=\"85ac7b4\" data-element_type=\"container\" data-e-type=\"container\">\n\t\t\t\t\t<div class=\"e-con-inner\">\n\t\t\t\t<div class=\"elementor-element elementor-element-c7d9e2d elementor-widget elementor-widget-heading\" data-id=\"c7d9e2d\" data-element_type=\"widget\" data-e-type=\"widget\" data-widget_type=\"heading.default\">\n\t\t\t\t<div class=\"elementor-widget-container\">\n\t\t\t\t\t<h5 class=\"elementor-heading-title elementor-size-default\">ISC, Common Sense Engineering<\/h5>\t\t\t\t<\/div>\n\t\t\t\t<\/div>\n\t\t\t\t\t<\/div>\n\t\t\t\t<\/div>\n\t\t<div class=\"elementor-element elementor-element-92695eb e-flex e-con-boxed e-con e-parent\" data-id=\"92695eb\" data-element_type=\"container\" data-e-type=\"container\">\n\t\t\t\t\t<div class=\"e-con-inner\">\n\t\t\t\t<div class=\"elementor-element elementor-element-6d44c17 elementor-widget elementor-widget-heading\" data-id=\"6d44c17\" data-element_type=\"widget\" data-e-type=\"widget\" data-widget_type=\"heading.default\">\n\t\t\t\t<div class=\"elementor-widget-container\">\n\t\t\t\t\t<h6 class=\"elementor-heading-title elementor-size-default\">The Formula to Optimize Production and Produce More with Less<\/h6>\t\t\t\t<\/div>\n\t\t\t\t<\/div>\n\t\t\t\t\t<\/div>\n\t\t\t\t<\/div>\n\t\t<div class=\"elementor-element elementor-element-e94543a e-flex e-con-boxed e-con e-parent\" data-id=\"e94543a\" data-element_type=\"container\" data-e-type=\"container\">\n\t\t\t\t\t<div class=\"e-con-inner\">\n\t\t\t\t<div class=\"elementor-element elementor-element-2a0511d elementor-widget elementor-widget-text-editor\" data-id=\"2a0511d\" data-element_type=\"widget\" data-e-type=\"widget\" data-widget_type=\"text-editor.default\">\n\t\t\t\t<div class=\"elementor-widget-container\">\n\t\t\t\t\t\t\t\t\t<p>ISC is a <strong>formal and proven method<\/strong>, which we have been developing since 1993 across multiple sectors, designed to <strong>improve any process<\/strong> quickly, simply, and at very low cost. Our primary objective is crystal clear: <strong>increase production<\/strong> and productivity, using the same resources or even fewer, while maintaining the current level of quality. We focus on extracting the full potential of what already exists, making visible where efficiency is lost by concentrating on the essential elements of every process, <strong>in any industry and sector: people and machines.<\/strong>.<\/p>\t\t\t\t\t\t\t\t<\/div>\n\t\t\t\t<\/div>\n\t\t\t\t\t<\/div>\n\t\t\t\t<\/div>\n\t\t<div class=\"elementor-element elementor-element-cd84d8d e-flex e-con-boxed e-con e-parent\" data-id=\"cd84d8d\" data-element_type=\"container\" data-e-type=\"container\">\n\t\t\t\t\t<div class=\"e-con-inner\">\n\t\t\t\t<div class=\"elementor-element elementor-element-17afaef elementor-widget elementor-widget-heading\" data-id=\"17afaef\" data-element_type=\"widget\" data-e-type=\"widget\" data-widget_type=\"heading.default\">\n\t\t\t\t<div class=\"elementor-widget-container\">\n\t\t\t\t\t<h6 class=\"elementor-heading-title elementor-size-default\">Our 3-Step Methodology<\/h6>\t\t\t\t<\/div>\n\t\t\t\t<\/div>\n\t\t\t\t\t<\/div>\n\t\t\t\t<\/div>\n\t\t<div class=\"elementor-element elementor-element-1010b01 e-flex e-con-boxed e-con e-parent\" data-id=\"1010b01\" data-element_type=\"container\" data-e-type=\"container\">\n\t\t\t\t\t<div class=\"e-con-inner\">\n\t\t<div class=\"elementor-element elementor-element-42baf16 e-con-full e-flex e-con e-child\" data-id=\"42baf16\" data-element_type=\"container\" data-e-type=\"container\">\n\t\t\t\t<div class=\"elementor-element elementor-element-2c4c5a6 elementor-widget elementor-widget-video\" data-id=\"2c4c5a6\" data-element_type=\"widget\" data-e-type=\"widget\" data-settings=\"{&quot;video_type&quot;:&quot;vimeo&quot;}\" data-widget_type=\"video.default\">\n\t\t\t\t<div class=\"elementor-widget-container\">\n\t\t\t\t\t\t\t<div class=\"elementor-wrapper elementor-open-inline\">\n\t\t\t<iframe class=\"elementor-video-iframe\" allowfullscreen allow=\"clipboard-write\" title=\"Reproductor de v\u00eddeo vimeo\" src=\"https:\/\/player.vimeo.com\/video\/1126571557?color&amp;autopause=0&amp;loop=0&amp;muted=0&amp;title=0&amp;portrait=0&amp;byline=0#t=\"><\/iframe>\t\t<\/div>\n\t\t\t\t\t\t<\/div>\n\t\t\t\t<\/div>\n\t\t\t\t<\/div>\n\t\t<div class=\"elementor-element elementor-element-61e77a6 e-con-full e-flex e-con e-child\" data-id=\"61e77a6\" data-element_type=\"container\" data-e-type=\"container\">\n\t\t\t\t<div class=\"elementor-element elementor-element-2bb831e elementor-widget elementor-widget-text-editor\" data-id=\"2bb831e\" data-element_type=\"widget\" data-e-type=\"widget\" data-widget_type=\"text-editor.default\">\n\t\t\t\t<div class=\"elementor-widget-container\">\n\t\t\t\t\t\t\t\t\t<p class=\"MsoNormal\" style=\"margin-bottom: 6.0pt;\"><b>Step 1: Faster Machines<\/b><\/p>\n<p><span style=\"font-style: inherit; font-weight: inherit; text-indent: -14.2pt; font-size: 10pt; font-family: Symbol;\"><span style=\"font-variant-numeric: normal; font-variant-east-asian: normal; font-variant-alternates: normal; font-size-adjust: none; font-kerning: auto; font-optical-sizing: auto; font-feature-settings: normal; font-variation-settings: normal; font-variant-position: normal; font-variant-emoji: normal; font-stretch: normal; font-size: 7pt; line-height: normal; font-family: 'Times New Roman';\">&nbsp;<\/span><\/span><span style=\"font-style: inherit; font-weight: inherit; text-indent: -14.2pt;\">We thoroughly analyze every micro-movement and function of your machinery to optimize its cycle time (DGM+), dramatically increasing speed without compromising final product quality.<\/span>.<\/p>\n<p><strong>Step 2: Simpler Interfaces<\/strong><\/p>\n<p>We study the interaction between people and machines (DGI+) to design simpler, more ergonomic, and more efficient workflows.\nWe eliminate unnecessary movements and reduce variability to achieve smooth and consistent operations.<\/p>\t\t\t\t\t\t\t\t<\/div>\n\t\t\t\t<\/div>\n\t\t\t\t<\/div>\n\t\t\t\t\t<\/div>\n\t\t\t\t<\/div>\n\t\t<div class=\"elementor-element elementor-element-c030214 e-flex e-con-boxed e-con e-parent\" data-id=\"c030214\" data-element_type=\"container\" data-e-type=\"container\">\n\t\t\t\t\t<div class=\"e-con-inner\">\n\t\t\t\t<div class=\"elementor-element elementor-element-1a58670 elementor-widget elementor-widget-text-editor\" data-id=\"1a58670\" data-element_type=\"widget\" data-e-type=\"widget\" data-widget_type=\"text-editor.default\">\n\t\t\t\t<div class=\"elementor-widget-container\">\n\t\t\t\t\t\t\t\t\t<p><strong>Step 3: The Best Working Method<\/strong><\/p><p>We balance the entire production line (DGL), synchronizing machines and people to create a continuous and harmonious flow.\nWe eliminate bottlenecks and maximize the capacity of the entire system.<\/p>\t\t\t\t\t\t\t\t<\/div>\n\t\t\t\t<\/div>\n\t\t\t\t\t<\/div>\n\t\t\t\t<\/div>\n\t\t<div class=\"elementor-element elementor-element-362ebfc e-flex e-con-boxed e-con e-parent\" data-id=\"362ebfc\" data-element_type=\"container\" data-e-type=\"container\">\n\t\t\t\t\t<div class=\"e-con-inner\">\n\t\t\t\t<div class=\"elementor-element elementor-element-87c6dc8 elementor-widget elementor-widget-heading\" data-id=\"87c6dc8\" data-element_type=\"widget\" data-e-type=\"widget\" data-widget_type=\"heading.default\">\n\t\t\t\t<div class=\"elementor-widget-container\">\n\t\t\t\t\t<h6 class=\"elementor-heading-title elementor-size-default\">Breaking the Myth of Industrial Uniqueness<\/h6>\t\t\t\t<\/div>\n\t\t\t\t<\/div>\n\t\t\t\t\t<\/div>\n\t\t\t\t<\/div>\n\t\t<div class=\"elementor-element elementor-element-3347440 e-flex e-con-boxed e-con e-parent\" data-id=\"3347440\" data-element_type=\"container\" data-e-type=\"container\">\n\t\t\t\t\t<div class=\"e-con-inner\">\n\t\t\t\t<div class=\"elementor-element elementor-element-d298393 elementor-widget elementor-widget-text-editor\" data-id=\"d298393\" data-element_type=\"widget\" data-e-type=\"widget\" data-widget_type=\"text-editor.default\">\n\t\t\t\t<div class=\"elementor-widget-container\">\n\t\t\t\t\t\t\t\t\t<p>Often, companies believe that their <strong>sector is \"too unique\" or \"too complex\"<\/strong> for radical optimization. We call this the <strong>\u201cMyth of Uniqueness\u201d<\/strong>.<\/p><p>Our response, based on <strong>Common Sense Engineering (ISC)<\/strong>, is simple yet challenging: <strong>Every manufacturing process, in any industrial sector, fundamentally comes down to two essential elements: people and machines.<\/strong>.<\/p><p><strong>ISC stands out from other methodologies because it targets improvements at the most basic level of the process: people and machines.<\/strong><\/p>\t\t\t\t\t\t\t\t<\/div>\n\t\t\t\t<\/div>\n\t\t\t\t\t<\/div>\n\t\t\t\t<\/div>\n\t\t<div class=\"elementor-element elementor-element-a2b59fd e-flex e-con-boxed e-con e-parent\" data-id=\"a2b59fd\" data-element_type=\"container\" data-e-type=\"container\">\n\t\t\t\t\t<div class=\"e-con-inner\">\n\t\t\t\t<div class=\"elementor-element elementor-element-525cb02 elementor-widget elementor-widget-heading\" data-id=\"525cb02\" data-element_type=\"widget\" data-e-type=\"widget\" data-widget_type=\"heading.default\">\n\t\t\t\t<div class=\"elementor-widget-container\">\n\t\t\t\t\t<h6 class=\"elementor-heading-title elementor-size-default\">The Universal Law of Industrial Operation<\/h6>\t\t\t\t<\/div>\n\t\t\t\t<\/div>\n\t\t\t\t\t<\/div>\n\t\t\t\t<\/div>\n\t\t<div class=\"elementor-element elementor-element-a7419de e-flex e-con-boxed e-con e-parent\" data-id=\"a7419de\" data-element_type=\"container\" data-e-type=\"container\">\n\t\t\t\t\t<div class=\"e-con-inner\">\n\t\t\t\t<div class=\"elementor-element elementor-element-358d59b elementor-widget elementor-widget-text-editor\" data-id=\"358d59b\" data-element_type=\"widget\" data-e-type=\"widget\" data-widget_type=\"text-editor.default\">\n\t\t\t\t<div class=\"elementor-widget-container\">\n\t\t\t\t\t\t\t\t\t<p>The reason ISC is <strong>adaptable to any type of process and organization<\/strong> lies in its fundamental approach:<\/p>\n<p><strong>Universal Structure:<\/strong> The ISC methodology uses a <strong>bottom-up approach<\/strong> (<em>Bottom-up approach<\/em>that rigorously breaks down any industrial operation into the interaction of:<\/p>\n<ol>\n<li><strong>Machinery<\/strong>: Machine cycle time (Step 1: Faster Machines).<\/li>\n<li><strong>Human Work<\/strong>: The interface or manual work (Step 2: Simple and Effective Interfaces).<\/li>\n<\/ol>\n<p>This three-part division (Machines, People\/Interfaces, and Line Balancing) is the universal way to describe any industrial process.<\/p>\n<p>No matter how complex your final product may seem; if there are <strong>machines and\/or people<\/strong>, there is hidden inefficiency, and the <strong>ISC Methodology <\/strong>has the<strong> tools <\/strong>to make the invisible visible, ensuring <strong>results superior to other methodologies<\/strong> with very low investment.<\/p>\t\t\t\t\t\t\t\t<\/div>\n\t\t\t\t<\/div>\n\t\t\t\t<div class=\"elementor-element elementor-element-7a43848 elementor-widget elementor-widget-text-editor\" data-id=\"7a43848\" data-element_type=\"widget\" data-e-type=\"widget\" data-widget_type=\"text-editor.default\">\n\t\t\t\t<div class=\"elementor-widget-container\">\n\t\t\t\t\t\t\t\t\t<p><strong>Stop thinking you\u2019re different. <\/strong><\/p><p><strong>Start optimizing where all processes are the same: in the interaction between technology and the human factor.<\/strong><\/p>\t\t\t\t\t\t\t\t<\/div>\n\t\t\t\t<\/div>\n\t\t\t\t\t<\/div>\n\t\t\t\t<\/div>\n\t\t\t\t<\/div>","protected":false},"excerpt":{"rendered":"<p>ISC, Ingenier\u00eda del Sentido Com\u00fan La F\u00f3rmula para Optimizar la Producci\u00f3n y Producir M\u00e1s con Menos ISC es un m\u00e9todo formal y probado, que hemos ido desarrollando desde 1993 en m\u00faltiples sectores, dise\u00f1ado para mejorar cualquier proceso de manera r\u00e1pida, sencilla y con un coste muy bajo. Nuestro objetivo principal es cristalino: incrementar la producci\u00f3n [&hellip;]<\/p>\n","protected":false},"author":2,"featured_media":0,"parent":0,"menu_order":0,"comment_status":"closed","ping_status":"closed","template":"","meta":{"site-sidebar-layout":"no-sidebar","site-content-layout":"page-builder","ast-site-content-layout":"full-width-container","site-content-style":"default","site-sidebar-style":"default","ast-global-header-display":"","ast-banner-title-visibility":"","ast-main-header-display":"","ast-hfb-above-header-display":"","ast-hfb-below-header-display":"","ast-hfb-mobile-header-display":"","site-post-title":"","ast-breadcrumbs-content":"","ast-featured-img":"disabled","footer-sml-layout":"","theme-transparent-header-meta":"","adv-header-id-meta":"","stick-header-meta":"","header-above-stick-meta":"","header-main-stick-meta":"","header-below-stick-meta":"","astra-migrate-meta-layouts":"set","ast-page-background-enabled":"default","ast-page-background-meta":{"desktop":{"background-color":"","background-image":"","background-repeat":"repeat","background-position":"center center","background-size":"auto","background-attachment":"scroll","background-type":"","background-media":"","overlay-type":"","overlay-color":"","overlay-opacity":"","overlay-gradient":""},"tablet":{"background-color":"","background-image":"","background-repeat":"repeat","background-position":"center center","background-size":"auto","background-attachment":"scroll","background-type":"","background-media":"","overlay-type":"","overlay-color":"","overlay-opacity":"","overlay-gradient":""},"mobile":{"background-color":"","background-image":"","background-repeat":"repeat","background-position":"center center","background-size":"auto","background-attachment":"scroll","background-type":"","background-media":"","overlay-type":"","overlay-color":"","overlay-opacity":"","overlay-gradient":""}},"ast-content-background-meta":{"desktop":{"background-color":"var(--ast-global-color-5)","background-image":"","background-repeat":"repeat","background-position":"center center","background-size":"auto","background-attachment":"scroll","background-type":"","background-media":"","overlay-type":"","overlay-color":"","overlay-opacity":"","overlay-gradient":""},"tablet":{"background-color":"var(--ast-global-color-5)","background-image":"","background-repeat":"repeat","background-position":"center center","background-size":"auto","background-attachment":"scroll","background-type":"","background-media":"","overlay-type":"","overlay-color":"","overlay-opacity":"","overlay-gradient":""},"mobile":{"background-color":"var(--ast-global-color-5)","background-image":"","background-repeat":"repeat","background-position":"center center","background-size":"auto","background-attachment":"scroll","background-type":"","background-media":"","overlay-type":"","overlay-color":"","overlay-opacity":"","overlay-gradient":""}},"footnotes":""},"class_list":["post-3814","page","type-page","status-publish","hentry"],"_links":{"self":[{"href":"https:\/\/isc-methodology.com\/en\/wp-json\/wp\/v2\/pages\/3814","targetHints":{"allow":["GET"]}}],"collection":[{"href":"https:\/\/isc-methodology.com\/en\/wp-json\/wp\/v2\/pages"}],"about":[{"href":"https:\/\/isc-methodology.com\/en\/wp-json\/wp\/v2\/types\/page"}],"author":[{"embeddable":true,"href":"https:\/\/isc-methodology.com\/en\/wp-json\/wp\/v2\/users\/2"}],"replies":[{"embeddable":true,"href":"https:\/\/isc-methodology.com\/en\/wp-json\/wp\/v2\/comments?post=3814"}],"version-history":[{"count":83,"href":"https:\/\/isc-methodology.com\/en\/wp-json\/wp\/v2\/pages\/3814\/revisions"}],"predecessor-version":[{"id":5255,"href":"https:\/\/isc-methodology.com\/en\/wp-json\/wp\/v2\/pages\/3814\/revisions\/5255"}],"wp:attachment":[{"href":"https:\/\/isc-methodology.com\/en\/wp-json\/wp\/v2\/media?parent=3814"}],"curies":[{"name":"wp","href":"https:\/\/api.w.org\/{rel}","templated":true}]}}