{"id":2525,"date":"2025-10-06T13:06:19","date_gmt":"2025-10-06T11:06:19","guid":{"rendered":"http:\/\/isc-methodology.com\/?page_id=2525"},"modified":"2025-10-14T11:53:23","modified_gmt":"2025-10-14T09:53:23","slug":"formacion","status":"publish","type":"page","link":"https:\/\/isc-methodology.com\/en\/formacion\/","title":{"rendered":"Training"},"content":{"rendered":"<div data-elementor-type=\"wp-page\" data-elementor-id=\"2525\" class=\"elementor elementor-2525\">\n\t\t\t\t<div class=\"elementor-element elementor-element-a85942a e-flex e-con-boxed e-con e-parent\" data-id=\"a85942a\" data-element_type=\"container\" data-e-type=\"container\">\n\t\t\t\t\t<div class=\"e-con-inner\">\n\t\t<div class=\"elementor-element elementor-element-09aa0a4 e-con-full e-flex e-con e-child\" data-id=\"09aa0a4\" data-element_type=\"container\" data-e-type=\"container\">\n\t\t\t\t<div class=\"elementor-element elementor-element-2e1771d elementor-widget elementor-widget-heading\" data-id=\"2e1771d\" data-element_type=\"widget\" data-e-type=\"widget\" data-widget_type=\"heading.default\">\n\t\t\t\t<div class=\"elementor-widget-container\">\n\t\t\t\t\t<h5 class=\"elementor-heading-title elementor-size-default\">Practical Training in Industrial Improvement and Automation<\/h5>\t\t\t\t<\/div>\n\t\t\t\t<\/div>\n\t\t\t\t<div class=\"elementor-element elementor-element-8f2fca3 elementor-widget elementor-widget-heading\" data-id=\"8f2fca3\" data-element_type=\"widget\" data-e-type=\"widget\" data-widget_type=\"heading.default\">\n\t\t\t\t<div class=\"elementor-widget-container\">\n\t\t\t\t\t<span class=\"elementor-heading-title elementor-size-default\">Develop the skills that make a difference in productivity, efficiency, and process management.\n\n<\/span>\t\t\t\t<\/div>\n\t\t\t\t<\/div>\n\t\t\t\t<div class=\"elementor-element elementor-element-39d6f71 elementor-widget elementor-widget-heading\" data-id=\"39d6f71\" data-element_type=\"widget\" data-e-type=\"widget\" data-widget_type=\"heading.default\">\n\t\t\t\t<div class=\"elementor-widget-container\">\n\t\t\t\t\t<h6 class=\"elementor-heading-title elementor-size-default\">Learning by doing: Training applied to real environments.<\/h6>\t\t\t\t<\/div>\n\t\t\t\t<\/div>\n\t\t\t\t<\/div>\n\t\t\t\t\t<\/div>\n\t\t\t\t<\/div>\n\t\t<div class=\"elementor-element elementor-element-c994d25 e-flex e-con-boxed e-con e-parent\" data-id=\"c994d25\" data-element_type=\"container\" data-e-type=\"container\">\n\t\t\t\t\t<div class=\"e-con-inner\">\n\t\t\t\t<div class=\"elementor-element elementor-element-2cbbff6 elementor-widget elementor-widget-text-editor\" data-id=\"2cbbff6\" data-element_type=\"widget\" data-e-type=\"widget\" data-widget_type=\"text-editor.default\">\n\t\t\t\t<div class=\"elementor-widget-container\">\n\t\t\t\t\t\t\t\t\t<p style=\"text-align: left;\">At <strong>ISC Methodology<\/strong> we transform experience into knowledge.<br data-start=\"3630\" data-end=\"3633\" \/>Our training programs are designed to transfer methodology, hands-on practice, and technical judgment to professionals seeking to improve processes,\u00a0<span style=\"font-size: 1rem;\">lead continuous improvement teams, or\u00a0<\/span><span style=\"font-style: inherit; font-weight: inherit;\">automate systems.<\/span><\/p><p style=\"text-align: left;\"><span style=\"font-weight: bold; font-size: 1rem;\">ISC Methodology\u00a0<\/span>trains technicians, middle managers, and executives capable of <strong data-start=\"5546\" data-end=\"5588\">analyzing, improving, and managing processes<\/strong> with an integrated vision, aligning continuous improvement with the company\u2019s profitability and sustainability goals.<\/p>\t\t\t\t\t\t\t\t<\/div>\n\t\t\t\t<\/div>\n\t\t\t\t<div class=\"elementor-element elementor-element-89d4804 elementor-widget elementor-widget-heading\" data-id=\"89d4804\" data-element_type=\"widget\" data-e-type=\"widget\" data-widget_type=\"heading.default\">\n\t\t\t\t<div class=\"elementor-widget-container\">\n\t\t\t\t\t<h5 class=\"elementor-heading-title elementor-size-default\">Specialized ISC Programs<\/h5>\t\t\t\t<\/div>\n\t\t\t\t<\/div>\n\t\t\t\t<div class=\"elementor-element elementor-element-cd6a89e elementor-widget elementor-widget-text-editor\" data-id=\"cd6a89e\" data-element_type=\"widget\" data-e-type=\"widget\" data-widget_type=\"text-editor.default\">\n\t\t\t\t<div class=\"elementor-widget-container\">\n\t\t\t\t\t\t\t\t\t<p data-start=\"3970\" data-end=\"4070\"><span style=\"text-decoration: underline;\"><strong>ISC Methodology and Software: From Theory to Practice<\/strong><\/span><\/p>\t\t\t\t\t\t\t\t<\/div>\n\t\t\t\t<\/div>\n\t\t\t\t<div class=\"elementor-element elementor-element-ff22b69 elementor-widget elementor-widget-text-editor\" data-id=\"ff22b69\" data-element_type=\"widget\" data-e-type=\"widget\" data-widget_type=\"text-editor.default\">\n\t\t\t\t<div class=\"elementor-widget-container\">\n\t\t\t\t\t\t\t\t\t<p data-start=\"3970\" data-end=\"4070\">Comprehensive training to <b>master<\/b> our ISC methodology and system. <b>ISC<\/b>.<\/p><ul><li><p><b>Theoretical Mastery:<\/b> In-depth analysis of ISC Methodology. <b>ISC Methodology<\/b>.<\/p><\/li><li><p><b>Technical Mastery:<\/b> Expert use and <b>efficient handling<\/b> of ISC software<\/p><\/li><li><p><b>Operational Mastery:<\/b> Practical cases and <b>application to<\/b> achieve objectives.<\/p><\/li><\/ul>\t\t\t\t\t\t\t\t<\/div>\n\t\t\t\t<\/div>\n\t\t\t\t<div class=\"elementor-element elementor-element-b739465 elementor-widget elementor-widget-text-editor\" data-id=\"b739465\" data-element_type=\"widget\" data-e-type=\"widget\" data-widget_type=\"text-editor.default\">\n\t\t\t\t<div class=\"elementor-widget-container\">\n\t\t\t\t\t\t\t\t\t<p data-start=\"3970\" data-end=\"4070\"><span style=\"text-decoration: underline;\"><strong data-start=\"3970\" data-end=\"4000\">Process Improvement<\/strong><\/span><\/p>\t\t\t\t\t\t\t\t<\/div>\n\t\t\t\t<\/div>\n\t\t\t\t<div class=\"elementor-element elementor-element-96baf9c elementor-widget elementor-widget-text-editor\" data-id=\"96baf9c\" data-element_type=\"widget\" data-e-type=\"widget\" data-widget_type=\"text-editor.default\">\n\t\t\t\t<div class=\"elementor-widget-container\">\n\t\t\t\t\t\t\t\t\t<p data-start=\"3970\" data-end=\"4070\"><span style=\"font-style: inherit; font-weight: inherit;\">Acquire the methodologies and tools needed to <\/span><b style=\"font-style: inherit;\">identify, analyze, and redesign processes<\/b><span style=\"font-style: inherit; font-weight: inherit;\"> that have a direct impact on efficiency, quality, and organizational profitability.<\/span><\/p><ul><li><p><b>Methodological Foundations:<\/b> Introduction to various philosophies, understanding principles for waste elimination (Mudas) and variability reduction.<\/p><\/li><li><p><b>Process Mapping and Documentation:<\/b> Mastery of visual techniques for a complete understanding of the current value flow.<\/p><\/li><li><p><b>Analysis and Measurement:<\/b> Use of analytical tools to diagnose the root causes of problems.<\/p><\/li><li><p><b>Design and Implementation:<\/b> Learning the DMAIC cycle <b>(<\/b> Define, Measure, Analyze, Improve, Control) for successful execution of improvement projects.<\/p><\/li><li><p><b>Change Management:<\/b> Strategies to integrate a culture of continuous improvement and ensure the <b>sustainability<\/b> of implemented changes.<\/p><\/li><\/ul>\t\t\t\t\t\t\t\t<\/div>\n\t\t\t\t<\/div>\n\t\t\t\t<div class=\"elementor-element elementor-element-b2c2151 elementor-widget elementor-widget-text-editor\" data-id=\"b2c2151\" data-element_type=\"widget\" data-e-type=\"widget\" data-widget_type=\"text-editor.default\">\n\t\t\t\t<div class=\"elementor-widget-container\">\n\t\t\t\t\t\t\t\t\t<p data-start=\"3970\" data-end=\"4070\"><span style=\"text-decoration: underline;\"><strong data-start=\"3970\" data-end=\"4000\">Essential Training in Automation and Industrial Control\u00a0\u00a0<\/strong><\/span><\/p>\t\t\t\t\t\t\t\t<\/div>\n\t\t\t\t<\/div>\n\t\t\t\t<div class=\"elementor-element elementor-element-207c910 elementor-widget elementor-widget-text-editor\" data-id=\"207c910\" data-element_type=\"widget\" data-e-type=\"widget\" data-widget_type=\"text-editor.default\">\n\t\t\t\t<div class=\"elementor-widget-container\">\n\t\t\t\t\t\t\t\t\t<p data-start=\"3970\" data-end=\"4070\"><span style=\"font-style: inherit; font-weight: inherit;\">Acquire the technical skills to design, program, and maintain automated systems, boosting <\/span><b style=\"font-style: inherit;\">operational efficiency<\/b><span style=\"font-style: inherit; font-weight: inherit;\"> and <\/span><b style=\"font-style: inherit;\">Industry 4.0 readiness.<\/b><span style=\"font-style: inherit; font-weight: inherit;\">.<\/span><\/p><ul><li style=\"font-size: 16px;\"><p style=\"font-size: 16px;\"><span style=\"font-style: inherit; font-weight: bold;\">Control Fundamentals:<\/span><span style=\"font-style: inherit; font-weight: inherit;\">\u00a0<\/span><span style=\"font-style: inherit; font-weight: inherit;\">Automation architectures, PID control principles<\/span><span style=\"font-style: inherit; font-weight: inherit;\">\u00a0<\/span><span style=\"font-style: inherit; font-weight: bold;\">.<\/span>.<\/p><\/li><li style=\"font-size: 16px;\"><p style=\"font-size: 16px;\"><span style=\"font-style: inherit; font-weight: bold;\">PLC Programming (Programmable Logic Controllers):<\/span><span style=\"font-style: inherit; font-weight: inherit;\">\u00a0I<\/span><span style=\"font-style: inherit; font-weight: inherit;\">Introduction to leading platforms and standard<\/span><span style=\"font-style: inherit; font-weight: inherit;\">\u00a0programming languages for sequence and process control.<\/span><\/p><\/li><li style=\"font-size: 16px;\"><p style=\"font-size: 16px;\"><b style=\"font-style: inherit;\">HMI\/SCADA Systems:<\/b><span style=\"font-style: inherit; font-weight: inherit;\"> Implementation and configuration of <\/span><b style=\"font-style: inherit;\">Human-Machine Interfaces (HMI)<\/b><span style=\"font-style: inherit; font-weight: inherit;\"> and Supervisory Control <\/span><b style=\"font-style: inherit;\">and Data Acquisition (SCADA) systems<\/b><span style=\"font-style: inherit; font-weight: inherit;\"> for centralized visualization and management.<\/span><\/p><\/li><li><p><b>Industrial Communication Networks:<\/b> Knowledge and application of key protocols (<b>Modbus, Profinet, EtherNet\/IP<\/b>) for device interconnection and plant integration.<\/p><\/li><li><p><b>Sensors and Actuators:<\/b> Selection, calibration, and integration of essential field elements for data acquisition and action execution.<\/p><\/li><\/ul>\t\t\t\t\t\t\t\t<\/div>\n\t\t\t\t<\/div>\n\t\t\t\t<div class=\"elementor-element elementor-element-c51804c elementor-widget elementor-widget-text-editor\" data-id=\"c51804c\" data-element_type=\"widget\" data-e-type=\"widget\" data-widget_type=\"text-editor.default\">\n\t\t\t\t<div class=\"elementor-widget-container\">\n\t\t\t\t\t\t\t\t\t<p data-start=\"3970\" data-end=\"4070\"><span style=\"text-decoration: underline;\"><strong data-start=\"3970\" data-end=\"4000\">Other Available Training Programs<\/strong><\/span><\/p>\t\t\t\t\t\t\t\t<\/div>\n\t\t\t\t<\/div>\n\t\t\t\t<div class=\"elementor-element elementor-element-aea7e29 elementor-widget elementor-widget-text-editor\" data-id=\"aea7e29\" data-element_type=\"widget\" data-e-type=\"widget\" data-widget_type=\"text-editor.default\">\n\t\t\t\t<div class=\"elementor-widget-container\">\n\t\t\t\t\t\t\t\t\t<p data-start=\"3970\" data-end=\"4070\"><span style=\"font-style: inherit; font-weight: inherit;\">Acquire the technical skills to design, program, and maintain automated systems, boosting <\/span><b style=\"font-style: inherit;\">operational efficiency<\/b><span style=\"font-style: inherit; font-weight: inherit;\"> and <\/span><b style=\"font-style: inherit;\">Industry 4.0 readiness.<\/b><span style=\"font-style: inherit; font-weight: inherit;\">.<\/span><\/p>\n<ul>\n<li style=\"font-size: 16px;\">\n<p><span style=\"font-style: inherit; font-weight: inherit;\">Lean Manufacturing and Toyota tools (JIT, Kanban, Kaizen, Poka-Yoke).<\/span><\/p>\n<\/li>\n<li style=\"font-size: 16px;\">\n<p>Six Sigma and Statistical Process Control (SPC).<\/p>\n<\/li>\n<li style=\"font-size: 16px;\">\n<p><span style=\"font-style: inherit; font-weight: inherit;\">TPM \u2013 Total Productive Maintenance.<\/span><\/p>\n<\/li>\n<li style=\"font-size: 16px;\">\n<p style=\"font-size: 16px; font-style: normal; font-weight: 400;\">Methods and Time Studies (MTM, time measurement, operations analysis).&nbsp;<\/p>\n<\/li>\n<li style=\"font-size: 16px;\">\n<p style=\"font-size: 16px; font-style: normal; font-weight: 400;\">Industrial process design and development.<\/p>\n<\/li>\n<li style=\"font-size: 16px;\">\n<p style=\"font-size: 16px; font-style: normal; font-weight: 400;\">Industrial cost and investment management.<\/p>\n<\/li>\n<li style=\"font-size: 16px;\">\n<p style=\"font-size: 16px; font-style: normal; font-weight: 400;\">Production programming and control.<\/p><\/li><\/ul>\t\t\t\t\t\t\t\t<\/div>\n\t\t\t\t<\/div>\n\t\t\t\t\t<\/div>\n\t\t\t\t<\/div>\n\t\t<div class=\"elementor-element elementor-element-9704720 e-flex e-con-boxed e-con e-parent\" data-id=\"9704720\" data-element_type=\"container\" data-e-type=\"container\">\n\t\t\t\t\t<div class=\"e-con-inner\">\n\t\t<div class=\"elementor-element elementor-element-3abbe37 e-con-full e-flex e-con e-child\" data-id=\"3abbe37\" data-element_type=\"container\" data-e-type=\"container\">\n\t\t\t\t<div class=\"elementor-element elementor-element-7e34b54 elementor-align-center elementor-widget elementor-widget-button\" data-id=\"7e34b54\" data-element_type=\"widget\" data-e-type=\"widget\" data-widget_type=\"button.default\">\n\t\t\t\t<div class=\"elementor-widget-container\">\n\t\t\t\t\t\t\t\t\t<div class=\"elementor-button-wrapper\">\n\t\t\t\t\t<a class=\"elementor-button elementor-button-link elementor-size-sm\" href=\"https:\/\/isc-methodology.com\/en\/contacto\/\">\n\t\t\t\t\t\t<span class=\"elementor-button-content-wrapper\">\n\t\t\t\t\t\t\t\t\t<span class=\"elementor-button-text\">Contact Us<\/span>\n\t\t\t\t\t<\/span>\n\t\t\t\t\t<\/a>\n\t\t\t\t<\/div>\n\t\t\t\t\t\t\t\t<\/div>\n\t\t\t\t<\/div>\n\t\t\t\t<\/div>\n\t\t\t\t\t<\/div>\n\t\t\t\t<\/div>\n\t\t\t\t<\/div>","protected":false},"excerpt":{"rendered":"<p>Formaci\u00f3n pr\u00e1ctica en mejora industrial y automatizaci\u00f3n Desarrolla las competencias que marcan la diferencia en productividad, eficiencia y gesti\u00f3n de procesos. Aprender haciendo: formaci\u00f3n aplicada a entornos reales En ISC Methodology transformamos la experiencia en conocimiento.Nuestros programas formativos est\u00e1n dise\u00f1ados para transferir metodolog\u00eda, pr\u00e1ctica y criterio t\u00e9cnico a profesionales que buscan mejorar procesos,\u00a0liderar equipos de [&hellip;]<\/p>\n","protected":false},"author":2,"featured_media":0,"parent":0,"menu_order":0,"comment_status":"closed","ping_status":"closed","template":"","meta":{"site-sidebar-layout":"no-sidebar","site-content-layout":"page-builder","ast-site-content-layout":"full-width-container","site-content-style":"default","site-sidebar-style":"default","ast-global-header-display":"","ast-banner-title-visibility":"","ast-main-header-display":"","ast-hfb-above-header-display":"","ast-hfb-below-header-display":"","ast-hfb-mobile-header-display":"","site-post-title":"","ast-breadcrumbs-content":"","ast-featured-img":"disabled","footer-sml-layout":"","theme-transparent-header-meta":"","adv-header-id-meta":"","stick-header-meta":"","header-above-stick-meta":"","header-main-stick-meta":"","header-below-stick-meta":"","astra-migrate-meta-layouts":"set","ast-page-background-enabled":"default","ast-page-background-meta":{"desktop":{"background-color":"","background-image":"","background-repeat":"repeat","background-position":"center center","background-size":"auto","background-attachment":"scroll","background-type":"","background-media":"","overlay-type":"","overlay-color":"","overlay-opacity":"","overlay-gradient":""},"tablet":{"background-color":"","background-image":"","background-repeat":"repeat","background-position":"center center","background-size":"auto","background-attachment":"scroll","background-type":"","background-media":"","overlay-type":"","overlay-color":"","overlay-opacity":"","overlay-gradient":""},"mobile":{"background-color":"","background-image":"","background-repeat":"repeat","background-position":"center center","background-size":"auto","background-attachment":"scroll","background-type":"","background-media":"","overlay-type":"","overlay-color":"","overlay-opacity":"","overlay-gradient":""}},"ast-content-background-meta":{"desktop":{"background-color":"var(--ast-global-color-5)","background-image":"","background-repeat":"repeat","background-position":"center center","background-size":"auto","background-attachment":"scroll","background-type":"","background-media":"","overlay-type":"","overlay-color":"","overlay-opacity":"","overlay-gradient":""},"tablet":{"background-color":"var(--ast-global-color-5)","background-image":"","background-repeat":"repeat","background-position":"center center","background-size":"auto","background-attachment":"scroll","background-type":"","background-media":"","overlay-type":"","overlay-color":"","overlay-opacity":"","overlay-gradient":""},"mobile":{"background-color":"var(--ast-global-color-5)","background-image":"","background-repeat":"repeat","background-position":"center center","background-size":"auto","background-attachment":"scroll","background-type":"","background-media":"","overlay-type":"","overlay-color":"","overlay-opacity":"","overlay-gradient":""}},"footnotes":""},"class_list":["post-2525","page","type-page","status-publish","hentry"],"_links":{"self":[{"href":"https:\/\/isc-methodology.com\/en\/wp-json\/wp\/v2\/pages\/2525","targetHints":{"allow":["GET"]}}],"collection":[{"href":"https:\/\/isc-methodology.com\/en\/wp-json\/wp\/v2\/pages"}],"about":[{"href":"https:\/\/isc-methodology.com\/en\/wp-json\/wp\/v2\/types\/page"}],"author":[{"embeddable":true,"href":"https:\/\/isc-methodology.com\/en\/wp-json\/wp\/v2\/users\/2"}],"replies":[{"embeddable":true,"href":"https:\/\/isc-methodology.com\/en\/wp-json\/wp\/v2\/comments?post=2525"}],"version-history":[{"count":52,"href":"https:\/\/isc-methodology.com\/en\/wp-json\/wp\/v2\/pages\/2525\/revisions"}],"predecessor-version":[{"id":4912,"href":"https:\/\/isc-methodology.com\/en\/wp-json\/wp\/v2\/pages\/2525\/revisions\/4912"}],"wp:attachment":[{"href":"https:\/\/isc-methodology.com\/en\/wp-json\/wp\/v2\/media?parent=2525"}],"curies":[{"name":"wp","href":"https:\/\/api.w.org\/{rel}","templated":true}]}}